{"id":16317,"date":"2017-07-18T02:28:55","date_gmt":"2017-07-18T00:28:55","guid":{"rendered":"https:\/\/www.prostituiertenschutzgesetz.info\/?page_id=16317\/"},"modified":"2017-07-21T17:48:35","modified_gmt":"2017-07-21T15:48:35","slug":"la-ley-de-proteccion-de-los-trabajadores-sexuales","status":"publish","type":"page","link":"https:\/\/www.prostituiertenschutzgesetz.info\/es\/","title":{"rendered":"La Ley de Protecci\u00f3n de los Trabajadores Sexuales"},"content":{"rendered":"<div class=\"wpb-content-wrapper\"><p>[vc_row css_animation=\u00bb\u00bb row_type=\u00bbrow\u00bb use_row_as_full_screen_section=\u00bbno\u00bb type=\u00bbgrid\u00bb header_style=\u00bbdark\u00bb angled_section=\u00bbno\u00bb text_align=\u00bbleft\u00bb background_image_as_pattern=\u00bbwithout_pattern\u00bb background_color=\u00bb#006f9e\u00bb][vc_column css=\u00bb.vc_custom_1483387761610{padding-top: 100px !important;padding-bottom: 100px !important;}\u00bb][vc_row_inner row_type=\u00bbrow\u00bb type=\u00bbfull_width\u00bb text_align=\u00bbleft\u00bb css_animation=\u00bb\u00bb][vc_column_inner][vc_separator type=\u00bbnormal\u00bb color=\u00bbrgba(201,212,221,0.25)\u00bb up=\u00bb6&#8243; down=\u00bb3&#8243;][vc_separator type=\u00bbnormal\u00bb color=\u00bbrgba(201,212,221,0.25)\u00bb up=\u00bb0&#8243; down=\u00bb0&#8243;][vc_column_text]<\/p>\n<h2><span class=\"titelh2\" style=\"color: #ffffff;\">ProstSchG<\/span><\/h2>\n<p>[\/vc_column_text][vc_separator type=\u00bbnormal\u00bb color=\u00bbrgba(201,212,221,0.25)\u00bb up=\u00bb0&#8243; down=\u00bb3&#8243;][vc_separator type=\u00bbnormal\u00bb color=\u00bbrgba(201,212,221,0.25)\u00bb up=\u00bb0&#8243; down=\u00bb16&#8243;][vc_column_text]<\/p>\n<h2><span style=\"color: #ffffff;\">La Ley de Protecci\u00f3n de los Trabajadores Sexuales <\/span><\/h2>\n<h3><span style=\"color: #ffffff;\">La Ley de Protecci\u00f3n de los Trabajadores Sexuales est\u00e1 en vigor desde el 1 de julio de 2017. <\/span><\/h3>\n<p>[\/vc_column_text][vc_separator type=\u00bbtransparent\u00bb up=\u00bb14&#8243; down=\u00bb0&#8243;][vc_separator type=\u00bbtransparent\u00bb up=\u00bb35&#8243; down=\u00bb0&#8243;][\/vc_column_inner][\/vc_row_inner][\/vc_column][\/vc_row][vc_row css_animation=\u00bb\u00bb row_type=\u00bbrow\u00bb use_row_as_full_screen_section=\u00bbno\u00bb type=\u00bbfull_width\u00bb angled_section=\u00bbno\u00bb text_align=\u00bbcenter\u00bb background_image_as_pattern=\u00bbwithout_pattern\u00bb side_padding=\u00bb1&#8243; padding_top=\u00bb83&#8243; padding_bottom=\u00bb34&#8243; el_class=\u00bbstartboxtitel\u00bb][vc_column width=\u00bb1\/4&#8243; css=\u00bb.vc_custom_1483391697391{padding-left: 20px !important;}\u00bb]<span data-type=\"circle\" data-hover-bg-color=\"#006f9e\"  class=\"qode_icon_shortcode fa-stack q_font_awsome_icon_stack fa-3x  \" style=\"font-size: 25px;font-size: 35px; \"><a  itemprop=\"url\" href=\"https:\/\/www.prostituiertenschutzgesetz.info\/es\/deber-de-registro\/\" target=\"_self\"><i class=\"fa fa-circle fa-stack-base fa-stack-2x\" style=\"color: #dd3333;\"><\/i><span aria-hidden=\"true\" class=\"qode_icon_font_elegant icon_id qode_icon_element fa-stack-1x\" style=\"font-size: 25px;color: #ffffff;\" ><\/span><\/a><\/span>[vc_separator type=\u00bbtransparent\u00bb up=\u00bb16&#8243; down=\u00bb0&#8243;][vc_column_text]<\/p>\n<h2><a title=\"Deber de registro (Anmeldepflicht)\" href=\"https:\/\/www.prostituiertenschutzgesetz.info\/es\/deber-de-registro\/\">Deber de<br \/>\nregistro <\/a><\/h2>\n<p>[\/vc_column_text][vc_separator type=\u00bbsmall\u00bb position=\u00bbcenter\u00bb up=\u00bb16&#8243; down=\u00bb12&#8243;][vc_column_text]Desde el 1 de julio de 2017, los trabajadores sexuales deben registrar su actividad en persona. Quienes emprendan la actividad por primera vez solo podr\u00e1n ejercerla tras haberse registrado. Quienes ya ejercieran como trabajadores sexuales en Alemania antes del 1 de julio de 2017 tendr\u00e1n de plazo hasta el 31 de diciembre de 2017 para registrarse. Este deber de registro se aplica a todas las personas que proporcionen servicios sexuales. [\/vc_column_text][vc_separator type=\u00bbtransparent\u00bb up=\u00bb50&#8243; down=\u00bb0&#8243;][\/vc_column][vc_column width=\u00bb1\/4&#8243; css=\u00bb.vc_custom_1483391711771{padding-right: 10px !important;padding-left: 20px !important;}\u00bb]<span data-type=\"circle\" data-hover-bg-color=\"#006f9e\"  class=\"qode_icon_shortcode fa-stack q_font_awsome_icon_stack fa-3x  \" style=\"font-size: 25px;font-size: 35px; \"><a  itemprop=\"url\" href=\"https:\/\/www.prostituiertenschutzgesetz.info\/es\/licencia-para-negocios-de-prostitucion\/\" target=\"_self\"><i class=\"fa fa-circle fa-stack-base fa-stack-2x\" style=\"color: #dd3333;\"><\/i><i class=\"qode_icon_font_awesome fa fa-file-text-o qode_icon_element fa-stack-1x\" style=\"font-size: 25px;color: #ffffff;\" ><\/i><\/a><\/span>[vc_separator type=\u00bbtransparent\u00bb up=\u00bb16&#8243; down=\u00bb0&#8243;][vc_column_text]<\/p>\n<h2><a title=\"Licencia para negocios de prostituci\u00f3n (Erlaubnis f\u00fcr Prostitutionsgewerbe)\" href=\"https:\/\/www.prostituiertenschutzgesetz.info\/es\/licencia-para-negocios-de-prostitucion\/\">Licencia para negocios de prostituci\u00f3n<\/a><\/h2>\n<p>[\/vc_column_text][vc_separator type=\u00bbsmall\u00bb position=\u00bbcenter\u00bb up=\u00bb16&#8243; down=\u00bb12&#8243;][vc_column_text]Para explotar un negocio de prostituci\u00f3n se requiere una licencia oficial. Son negocios de prostituci\u00f3n, por ejemplo, burdeles y negocios similares (como clubes de saunas o nudismo, prost\u00edbulos en residencias o pisos particulares), veh\u00edculos de prostituci\u00f3n (como \u00abcaravanas del amor\u00bb), eventos de prostituci\u00f3n (como fiestas comerciales con sexo) y servicios de intermediarios de prostituci\u00f3n (como agencias de acompa\u00f1antes). [\/vc_column_text][vc_separator type=\u00bbtransparent\u00bb up=\u00bb50&#8243; down=\u00bb0&#8243;][\/vc_column][vc_column width=\u00bb1\/4&#8243; css=\u00bb.vc_custom_1483391722969{padding-right: 10px !important;padding-left: 10px !important;}\u00bb]<span data-type=\"circle\" data-hover-bg-color=\"#006f9e\"  class=\"qode_icon_shortcode fa-stack q_font_awsome_icon_stack fa-3x  \" style=\"font-size: 25px;font-size: 35px; \"><a  itemprop=\"url\" href=\"https:\/\/www.prostituiertenschutzgesetz.info\/es\/orientacion-sanitaria\/\" target=\"_self\"><i class=\"fa fa-circle fa-stack-base fa-stack-2x\" style=\"color: #dd3333;\"><\/i><i class=\"qode_icon_font_awesome fa fa-user-md qode_icon_element fa-stack-1x\" style=\"font-size: 25px;color: #ffffff;\" ><\/i><\/a><\/span>[vc_separator type=\u00bbtransparent\u00bb up=\u00bb16&#8243; down=\u00bb0&#8243;][vc_column_text]<\/p>\n<h2><a title=\"Orientaci\u00f3n sanitaria (Gesundheitliche Beratung) \" href=\"https:\/\/www.prostituiertenschutzgesetz.info\/es\/orientacion-sanitaria\/\">Orientaci\u00f3n<br \/>\nsanitaria <\/a><\/h2>\n<p>[\/vc_column_text][vc_separator type=\u00bbsmall\u00bb position=\u00bbcenter\u00bb up=\u00bb16&#8243; down=\u00bb12&#8243;][vc_column_text]Antes de registrarse es preciso acudir a una sesi\u00f3n de orientaci\u00f3n sanitaria. En la mayor\u00eda de los casos se encarga de esta la delegaci\u00f3n de Sanidad, pero en determinados Estados federados dicha competencia puede recaer sobre otro organismo. Por ello es preciso informarse al respecto en la delegaci\u00f3n de Sanidad local.[\/vc_column_text][vc_separator type=\u00bbtransparent\u00bb up=\u00bb50&#8243; down=\u00bb0&#8243;][\/vc_column][vc_column width=\u00bb1\/4&#8243; css=\u00bb.vc_custom_1483391731766{padding-right: 20px !important;padding-left: 10px !important;}\u00bb]<span data-type=\"circle\" data-hover-bg-color=\"#006f9e\"  class=\"qode_icon_shortcode fa-stack q_font_awsome_icon_stack fa-3x  \" style=\"font-size: 25px;font-size: 35px; \"><a  itemprop=\"url\" href=\"https:\/\/www.prostituiertenschutzgesetz.info\/es\/deber-de-uso-del-preservativo\/\" target=\"_self\"><i class=\"fa fa-circle fa-stack-base fa-stack-2x\" style=\"color: #dd3333;\"><\/i><i class=\"qode_icon_font_awesome fa fa-minus-circle qode_icon_element fa-stack-1x\" style=\"font-size: 25px;color: #ffffff;\" ><\/i><\/a><\/span>[vc_separator type=\u00bbtransparent\u00bb up=\u00bb16&#8243; down=\u00bb0&#8243;][vc_column_text]<\/p>\n<h2><a title=\"Deber de uso del preservativo (Kondompflicht) \" href=\"https:\/\/www.prostituiertenschutzgesetz.info\/es\/deber-de-uso-del-preservativo\/\">Deber de uso del<br \/>\npreservativo <\/a><\/h2>\n<p>[\/vc_column_text][vc_separator type=\u00bbsmall\u00bb position=\u00bbcenter\u00bb up=\u00bb16&#8243; down=\u00bb12&#8243;][vc_column_text]Debe utilizarse preservativo en todas las relaciones sexuales, ya sean orales, anales o vaginales. Los trabajadores sexuales tienen el derecho de rechazar las relaciones sin preservativo. Los negocios de prostituci\u00f3n deben se\u00f1alar el deber de uso del preservativo mediante carteles y los clientes que no utilicen preservativo deber\u00e1n abonar una multa. Ni el responsable ni los trabajadores sexuales pueden anunciar relaciones sexuales sin protecci\u00f3n. [\/vc_column_text][vc_separator type=\u00bbtransparent\u00bb up=\u00bb50&#8243; down=\u00bb0&#8243;][\/vc_column][\/vc_row][vc_row row_type=\u00bbparallax\u00bb parallax_content_width=\u00bbin_grid\u00bb text_align=\u00bbcenter\u00bb background_image=\u00bb15602&#8243; full_screen_section_height=\u00bbno\u00bb section_height=\u00bb600&#8243;][vc_column css=\u00bb.vc_custom_1483399201854{padding-top: 80px !important;padding-bottom: 80px !important;}\u00bb]<div class=\"container_inner\"><div class=\"call_to_action simple\" style=\"background-color: #006f9e;\"><div class=\"text_wrapper column1\"><div class=\"call_to_action_text \" style=\"\">Informaci\u00f3n acerca de la ley<\/div><a itemprop=\"url\" href=\"https:\/\/www.prostituiertenschutzgesetz.info\/wp-content\/uploads\/prostschg-textbausteine-es-data.pdf\" class=\"qbutton white \" target=\"_blank\" style=\"\" data-hover-background-color=#ffffff data-hover-border-color=#ffffff data-hover-color=#006f9e>Descargar como PDF<\/a><\/div><\/div><\/div>[\/vc_column][\/vc_row][vc_row css_animation=\u00bb\u00bb row_type=\u00bbrow\u00bb use_row_as_full_screen_section=\u00bbno\u00bb type=\u00bbgrid\u00bb angled_section=\u00bbno\u00bb text_align=\u00bbleft\u00bb background_image_as_pattern=\u00bbwithout_pattern\u00bb][vc_column css=\u00bb.vc_custom_1487445616654{padding-bottom: 70px !important;}\u00bb][vc_row_inner row_type=\u00bbrow\u00bb type=\u00bbfull_width\u00bb text_align=\u00bbleft\u00bb css_animation=\u00bb\u00bb][vc_column_inner css=\u00bb.vc_custom_1498941501420{padding-top: 50px !important;padding-bottom: 100px !important;}\u00bb][vc_column_text]<\/p>\n<h2 style=\"text-align: center; font-size: 2em;\">Online mapa<\/h2>\n<p style=\"text-align: center;\">Buscar la direcci\u00f3n de las oficinas de salud, Ofertas de asesoramiento, Deber de registro y Orientaci\u00f3n sanitaria<\/p>\n<p style=\"text-align: center;\">(hasta ahora s\u00f3lo en alem\u00e1n)<\/p>\n<p>[\/vc_column_text][vc_empty_space][vc_single_image image=\u00bb16045&#8243; img_size=\u00bbfull\u00bb alignment=\u00bbcenter\u00bb style=\u00bbvc_box_shadow_3d\u00bb onclick=\u00bbcustom_link\u00bb qode_css_animation=\u00bb\u00bb qode_hover_animation=\u00bbzoom_in\u00bb link=\u00bbhttps:\/\/www.prostituiertenschutzgesetz.info\/adressen-suche\/\u00bb][\/vc_column_inner][\/vc_row_inner][\/vc_column][\/vc_row]<\/p>\n<\/div>","protected":false},"excerpt":{"rendered":"<p>[vc_row css_animation=\u00bb\u00bb row_type=\u00bbrow\u00bb use_row_as_full_screen_section=\u00bbno\u00bb type=\u00bbgrid\u00bb header_style=\u00bbdark\u00bb angled_section=\u00bbno\u00bb text_align=\u00bbleft\u00bb background_image_as_pattern=\u00bbwithout_pattern\u00bb background_color=\u00bb#006f9e\u00bb][vc_column css=\u00bb.vc_custom_1483387761610{padding-top: 100px !important;padding-bottom: 100px !important;}\u00bb][vc_row_inner row_type=\u00bbrow\u00bb type=\u00bbfull_width\u00bb text_align=\u00bbleft\u00bb css_animation=\u00bb\u00bb][vc_column_inner][vc_separator type=\u00bbnormal\u00bb color=\u00bbrgba(201,212,221,0.25)\u00bb up=\u00bb6&#8243; down=\u00bb3&#8243;][vc_separator type=\u00bbnormal\u00bb color=\u00bbrgba(201,212,221,0.25)\u00bb up=\u00bb0&#8243; down=\u00bb0&#8243;][vc_column_text] ProstSchG [\/vc_column_text][vc_separator type=\u00bbnormal\u00bb color=\u00bbrgba(201,212,221,0.25)\u00bb up=\u00bb0&#8243; down=\u00bb3&#8243;][vc_separator type=\u00bbnormal\u00bb color=\u00bbrgba(201,212,221,0.25)\u00bb up=\u00bb0&#8243; down=\u00bb16&#8243;][vc_column_text] La Ley de Protecci\u00f3n de los Trabajadores Sexuales&#8230;<\/p>\n","protected":false},"author":1,"featured_media":0,"parent":0,"menu_order":0,"comment_status":"open","ping_status":"open","template":"full_width.php","meta":{"footnotes":""},"yoast_head":"<!-- This site is optimized with the Yoast SEO plugin v21.9.1 - https:\/\/yoast.com\/wordpress\/plugins\/seo\/ -->\n<title>La Ley de Protecci\u00f3n de los Trabajadores Sexuales - Prostituiertenschutzgesetz<\/title>\n<meta name=\"robots\" content=\"index, follow, max-snippet:-1, max-image-preview:large, max-video-preview:-1\" \/>\n<link rel=\"canonical\" href=\"https:\/\/www.prostituiertenschutzgesetz.info\/es\/\" \/>\n<meta property=\"og:locale\" content=\"es_ES\" \/>\n<meta property=\"og:type\" content=\"article\" \/>\n<meta property=\"og:title\" content=\"La Ley de Protecci\u00f3n de los Trabajadores Sexuales - Prostituiertenschutzgesetz\" \/>\n<meta property=\"og:description\" content=\"[vc_row css_animation=\u00bb\u00bb row_type=\u00bbrow\u00bb use_row_as_full_screen_section=\u00bbno\u00bb type=\u00bbgrid\u00bb header_style=\u00bbdark\u00bb angled_section=\u00bbno\u00bb text_align=\u00bbleft\u00bb background_image_as_pattern=\u00bbwithout_pattern\u00bb background_color=\u00bb#006f9e\u00bb][vc_column css=\u00bb.vc_custom_1483387761610{padding-top: 100px !important;padding-bottom: 100px !important;}\u00bb][vc_row_inner row_type=\u00bbrow\u00bb type=\u00bbfull_width\u00bb text_align=\u00bbleft\u00bb css_animation=\u00bb\u00bb][vc_column_inner][vc_separator type=\u00bbnormal\u00bb color=\u00bbrgba(201,212,221,0.25)\u00bb up=\u00bb6&#8243; down=\u00bb3&#8243;][vc_separator type=\u00bbnormal\u00bb color=\u00bbrgba(201,212,221,0.25)\u00bb up=\u00bb0&#8243; down=\u00bb0&#8243;][vc_column_text] ProstSchG [\/vc_column_text][vc_separator type=\u00bbnormal\u00bb color=\u00bbrgba(201,212,221,0.25)\u00bb up=\u00bb0&#8243; down=\u00bb3&#8243;][vc_separator type=\u00bbnormal\u00bb color=\u00bbrgba(201,212,221,0.25)\u00bb up=\u00bb0&#8243; down=\u00bb16&#8243;][vc_column_text] La Ley de Protecci\u00f3n de los Trabajadores Sexuales...\" \/>\n<meta property=\"og:url\" content=\"https:\/\/www.prostituiertenschutzgesetz.info\/es\/\" \/>\n<meta property=\"og:site_name\" content=\"Prostituiertenschutzgesetz\" \/>\n<meta property=\"article:modified_time\" content=\"2017-07-21T15:48:35+00:00\" \/>\n<meta name=\"twitter:card\" content=\"summary_large_image\" \/>\n<meta name=\"twitter:label1\" content=\"Tiempo de lectura\" \/>\n\t<meta name=\"twitter:data1\" content=\"5 minutos\" \/>\n<script type=\"application\/ld+json\" class=\"yoast-schema-graph\">{\"@context\":\"https:\/\/schema.org\",\"@graph\":[{\"@type\":\"WebPage\",\"@id\":\"https:\/\/www.prostituiertenschutzgesetz.info\/es\/\",\"url\":\"https:\/\/www.prostituiertenschutzgesetz.info\/es\/\",\"name\":\"La Ley de Protecci\u00f3n de los Trabajadores Sexuales - Prostituiertenschutzgesetz\",\"isPartOf\":{\"@id\":\"https:\/\/www.prostituiertenschutzgesetz.info\/#website\"},\"datePublished\":\"2017-07-18T00:28:55+00:00\",\"dateModified\":\"2017-07-21T15:48:35+00:00\",\"breadcrumb\":{\"@id\":\"https:\/\/www.prostituiertenschutzgesetz.info\/es\/#breadcrumb\"},\"inLanguage\":\"es\",\"potentialAction\":[{\"@type\":\"ReadAction\",\"target\":[\"https:\/\/www.prostituiertenschutzgesetz.info\/es\/\"]}]},{\"@type\":\"BreadcrumbList\",\"@id\":\"https:\/\/www.prostituiertenschutzgesetz.info\/es\/#breadcrumb\",\"itemListElement\":[{\"@type\":\"ListItem\",\"position\":1,\"name\":\"Startseite\",\"item\":\"https:\/\/www.prostituiertenschutzgesetz.info\/es\/\"},{\"@type\":\"ListItem\",\"position\":2,\"name\":\"La Ley de Protecci\u00f3n de los Trabajadores Sexuales\"}]},{\"@type\":\"WebSite\",\"@id\":\"https:\/\/www.prostituiertenschutzgesetz.info\/#website\",\"url\":\"https:\/\/www.prostituiertenschutzgesetz.info\/\",\"name\":\"Prostituiertenschutzgesetz\",\"description\":\"Informationen zum ProstSchG\",\"potentialAction\":[{\"@type\":\"SearchAction\",\"target\":{\"@type\":\"EntryPoint\",\"urlTemplate\":\"https:\/\/www.prostituiertenschutzgesetz.info\/?s={search_term_string}\"},\"query-input\":\"required name=search_term_string\"}],\"inLanguage\":\"es\"}]}<\/script>\n<!-- \/ Yoast SEO plugin. -->","yoast_head_json":{"title":"La Ley de Protecci\u00f3n de los Trabajadores Sexuales - Prostituiertenschutzgesetz","robots":{"index":"index","follow":"follow","max-snippet":"max-snippet:-1","max-image-preview":"max-image-preview:large","max-video-preview":"max-video-preview:-1"},"canonical":"https:\/\/www.prostituiertenschutzgesetz.info\/es\/","og_locale":"es_ES","og_type":"article","og_title":"La Ley de Protecci\u00f3n de los Trabajadores Sexuales - Prostituiertenschutzgesetz","og_description":"[vc_row css_animation=\u00bb\u00bb row_type=\u00bbrow\u00bb use_row_as_full_screen_section=\u00bbno\u00bb type=\u00bbgrid\u00bb header_style=\u00bbdark\u00bb angled_section=\u00bbno\u00bb text_align=\u00bbleft\u00bb background_image_as_pattern=\u00bbwithout_pattern\u00bb background_color=\u00bb#006f9e\u00bb][vc_column css=\u00bb.vc_custom_1483387761610{padding-top: 100px !important;padding-bottom: 100px !important;}\u00bb][vc_row_inner row_type=\u00bbrow\u00bb type=\u00bbfull_width\u00bb text_align=\u00bbleft\u00bb css_animation=\u00bb\u00bb][vc_column_inner][vc_separator type=\u00bbnormal\u00bb color=\u00bbrgba(201,212,221,0.25)\u00bb up=\u00bb6&#8243; down=\u00bb3&#8243;][vc_separator type=\u00bbnormal\u00bb color=\u00bbrgba(201,212,221,0.25)\u00bb up=\u00bb0&#8243; down=\u00bb0&#8243;][vc_column_text] ProstSchG [\/vc_column_text][vc_separator type=\u00bbnormal\u00bb color=\u00bbrgba(201,212,221,0.25)\u00bb up=\u00bb0&#8243; down=\u00bb3&#8243;][vc_separator type=\u00bbnormal\u00bb color=\u00bbrgba(201,212,221,0.25)\u00bb up=\u00bb0&#8243; down=\u00bb16&#8243;][vc_column_text] La Ley de Protecci\u00f3n de los Trabajadores Sexuales...","og_url":"https:\/\/www.prostituiertenschutzgesetz.info\/es\/","og_site_name":"Prostituiertenschutzgesetz","article_modified_time":"2017-07-21T15:48:35+00:00","twitter_card":"summary_large_image","twitter_misc":{"Tiempo de lectura":"5 minutos"},"schema":{"@context":"https:\/\/schema.org","@graph":[{"@type":"WebPage","@id":"https:\/\/www.prostituiertenschutzgesetz.info\/es\/","url":"https:\/\/www.prostituiertenschutzgesetz.info\/es\/","name":"La Ley de Protecci\u00f3n de los Trabajadores Sexuales - Prostituiertenschutzgesetz","isPartOf":{"@id":"https:\/\/www.prostituiertenschutzgesetz.info\/#website"},"datePublished":"2017-07-18T00:28:55+00:00","dateModified":"2017-07-21T15:48:35+00:00","breadcrumb":{"@id":"https:\/\/www.prostituiertenschutzgesetz.info\/es\/#breadcrumb"},"inLanguage":"es","potentialAction":[{"@type":"ReadAction","target":["https:\/\/www.prostituiertenschutzgesetz.info\/es\/"]}]},{"@type":"BreadcrumbList","@id":"https:\/\/www.prostituiertenschutzgesetz.info\/es\/#breadcrumb","itemListElement":[{"@type":"ListItem","position":1,"name":"Startseite","item":"https:\/\/www.prostituiertenschutzgesetz.info\/es\/"},{"@type":"ListItem","position":2,"name":"La Ley de Protecci\u00f3n de los Trabajadores Sexuales"}]},{"@type":"WebSite","@id":"https:\/\/www.prostituiertenschutzgesetz.info\/#website","url":"https:\/\/www.prostituiertenschutzgesetz.info\/","name":"Prostituiertenschutzgesetz","description":"Informationen zum ProstSchG","potentialAction":[{"@type":"SearchAction","target":{"@type":"EntryPoint","urlTemplate":"https:\/\/www.prostituiertenschutzgesetz.info\/?s={search_term_string}"},"query-input":"required name=search_term_string"}],"inLanguage":"es"}]}},"_links":{"self":[{"href":"https:\/\/www.prostituiertenschutzgesetz.info\/es\/wp-json\/wp\/v2\/pages\/16317"}],"collection":[{"href":"https:\/\/www.prostituiertenschutzgesetz.info\/es\/wp-json\/wp\/v2\/pages"}],"about":[{"href":"https:\/\/www.prostituiertenschutzgesetz.info\/es\/wp-json\/wp\/v2\/types\/page"}],"author":[{"embeddable":true,"href":"https:\/\/www.prostituiertenschutzgesetz.info\/es\/wp-json\/wp\/v2\/users\/1"}],"replies":[{"embeddable":true,"href":"https:\/\/www.prostituiertenschutzgesetz.info\/es\/wp-json\/wp\/v2\/comments?post=16317"}],"version-history":[{"count":0,"href":"https:\/\/www.prostituiertenschutzgesetz.info\/es\/wp-json\/wp\/v2\/pages\/16317\/revisions"}],"wp:attachment":[{"href":"https:\/\/www.prostituiertenschutzgesetz.info\/es\/wp-json\/wp\/v2\/media?parent=16317"}],"curies":[{"name":"wp","href":"https:\/\/api.w.org\/{rel}","templated":true}]}}