{"id":16369,"date":"2017-07-21T00:37:33","date_gmt":"2017-07-20T22:37:33","guid":{"rendered":"https:\/\/www.prostituiertenschutzgesetz.info\/?page_id=16369\/"},"modified":"2017-07-21T17:46:11","modified_gmt":"2017-07-21T15:46:11","slug":"la-loi-sur-la-protection-des-personnes-prostituees","status":"publish","type":"page","link":"https:\/\/www.prostituiertenschutzgesetz.info\/fr\/","title":{"rendered":"La loi sur la protection des personnes prostitu\u00e9es"},"content":{"rendered":"<div class=\"wpb-content-wrapper\"><p>[vc_row css_animation=\u00a0\u00bb\u00a0\u00bb row_type=\u00a0\u00bbrow\u00a0\u00bb use_row_as_full_screen_section=\u00a0\u00bbno\u00a0\u00bb type=\u00a0\u00bbgrid\u00a0\u00bb header_style=\u00a0\u00bbdark\u00a0\u00bb angled_section=\u00a0\u00bbno\u00a0\u00bb text_align=\u00a0\u00bbleft\u00a0\u00bb background_image_as_pattern=\u00a0\u00bbwithout_pattern\u00a0\u00bb background_color=\u00a0\u00bb#006f9e\u00a0\u00bb][vc_column css=\u00a0\u00bb.vc_custom_1483387761610{padding-top: 100px !important;padding-bottom: 100px !important;}\u00a0\u00bb][vc_row_inner row_type=\u00a0\u00bbrow\u00a0\u00bb type=\u00a0\u00bbfull_width\u00a0\u00bb text_align=\u00a0\u00bbleft\u00a0\u00bb css_animation=\u00a0\u00bb\u00a0\u00bb][vc_column_inner][vc_separator type=\u00a0\u00bbnormal\u00a0\u00bb color=\u00a0\u00bbrgba(201,212,221,0.25)\u00a0\u00bb up=\u00a0\u00bb6&Prime; down=\u00a0\u00bb3&Prime;][vc_separator type=\u00a0\u00bbnormal\u00a0\u00bb color=\u00a0\u00bbrgba(201,212,221,0.25)\u00a0\u00bb up=\u00a0\u00bb0&Prime; down=\u00a0\u00bb0&Prime;][vc_column_text]<\/p>\n<h2><span class=\"titelh2\" style=\"color: #ffffff;\">ProstSchG<\/span><\/h2>\n<p>[\/vc_column_text][vc_separator type=\u00a0\u00bbnormal\u00a0\u00bb color=\u00a0\u00bbrgba(201,212,221,0.25)\u00a0\u00bb up=\u00a0\u00bb0&Prime; down=\u00a0\u00bb3&Prime;][vc_separator type=\u00a0\u00bbnormal\u00a0\u00bb color=\u00a0\u00bbrgba(201,212,221,0.25)\u00a0\u00bb up=\u00a0\u00bb0&Prime; down=\u00a0\u00bb16&Prime;][vc_column_text]<\/p>\n<h2><span style=\"color: #ffffff;\">La loi sur la protection des personnes prostitu\u00e9es <\/span><\/h2>\n<h3><span style=\"color: #ffffff;\">La loi sur la protection des personnes prostitu\u00e9es est entr\u00e9e en vigueur au 1er juillet 2017. <\/span><\/h3>\n<p>[\/vc_column_text][vc_separator type=\u00a0\u00bbtransparent\u00a0\u00bb up=\u00a0\u00bb14&Prime; down=\u00a0\u00bb0&Prime;][vc_separator type=\u00a0\u00bbtransparent\u00a0\u00bb up=\u00a0\u00bb35&Prime; down=\u00a0\u00bb0&Prime;][\/vc_column_inner][\/vc_row_inner][\/vc_column][\/vc_row][vc_row css_animation=\u00a0\u00bb\u00a0\u00bb row_type=\u00a0\u00bbrow\u00a0\u00bb use_row_as_full_screen_section=\u00a0\u00bbno\u00a0\u00bb type=\u00a0\u00bbfull_width\u00a0\u00bb angled_section=\u00a0\u00bbno\u00a0\u00bb text_align=\u00a0\u00bbcenter\u00a0\u00bb background_image_as_pattern=\u00a0\u00bbwithout_pattern\u00a0\u00bb side_padding=\u00a0\u00bb1&Prime; padding_top=\u00a0\u00bb83&Prime; padding_bottom=\u00a0\u00bb34&Prime; el_class=\u00a0\u00bbstartboxtitel\u00a0\u00bb][vc_column width=\u00a0\u00bb1\/4&Prime; css=\u00a0\u00bb.vc_custom_1483391697391{padding-left: 20px !important;}\u00a0\u00bb]<span data-type=\"circle\" data-hover-bg-color=\"#006f9e\"  class=\"qode_icon_shortcode fa-stack q_font_awsome_icon_stack fa-3x  \" style=\"font-size: 25px;font-size: 35px; \"><a  itemprop=\"url\" href=\"https:\/\/www.prostituiertenschutzgesetz.info\/fr\/obligation-de-declaration\/\" target=\"_self\"><i class=\"fa fa-circle fa-stack-base fa-stack-2x\" style=\"color: #dd3333;\"><\/i><span aria-hidden=\"true\" class=\"qode_icon_font_elegant icon_id qode_icon_element fa-stack-1x\" style=\"font-size: 25px;color: #ffffff;\" ><\/span><\/a><\/span>[vc_separator type=\u00a0\u00bbtransparent\u00a0\u00bb up=\u00a0\u00bb16&Prime; down=\u00a0\u00bb0&Prime;][vc_column_text]<\/p>\n<h2><a title=\"Obligation de d\u00e9claration (Anmeldepflicht)\" href=\"https:\/\/www.prostituiertenschutzgesetz.info\/fr\/obligation-de-declaration\/\">Obligation de<br \/>\nd\u00e9claration <\/a><\/h2>\n<p>[\/vc_column_text][vc_separator type=\u00a0\u00bbsmall\u00a0\u00bb position=\u00a0\u00bbcenter\u00a0\u00bb up=\u00a0\u00bb16&Prime; down=\u00a0\u00bb12&Prime;][vc_column_text]Depuis le 1er juillet 2017, les personnes prostitu\u00e9es doivent d\u00e9clarer personnellement leur activit\u00e9. Si vous d\u00e9butez votre activit\u00e9, vous ne pouvez travailler qu&rsquo;apr\u00e8s votre d\u00e9claration. Si vous travailliez d\u00e9j\u00e0 comme personne prostitu\u00e9e avant le 1er juillet 2017 en Allemagne, vous devez vous d\u00e9clarer avant le 31 d\u00e9cembre 2017. Cette obligation de d\u00e9claration s&rsquo;applique \u00e0 toutes les personnes qui apportent des services sexuels.[\/vc_column_text][vc_separator type=\u00a0\u00bbtransparent\u00a0\u00bb up=\u00a0\u00bb50&Prime; down=\u00a0\u00bb0&Prime;][\/vc_column][vc_column width=\u00a0\u00bb1\/4&Prime; css=\u00a0\u00bb.vc_custom_1483391711771{padding-right: 10px !important;padding-left: 20px !important;}\u00a0\u00bb]<span data-type=\"circle\" data-hover-bg-color=\"#006f9e\"  class=\"qode_icon_shortcode fa-stack q_font_awsome_icon_stack fa-3x  \" style=\"font-size: 25px;font-size: 35px; \"><a  itemprop=\"url\" href=\"https:\/\/www.prostituiertenschutzgesetz.info\/fr\/autorisation-dun-etablissement-de-prostitution\/\" target=\"_self\"><i class=\"fa fa-circle fa-stack-base fa-stack-2x\" style=\"color: #dd3333;\"><\/i><i class=\"qode_icon_font_awesome fa fa-file-text-o qode_icon_element fa-stack-1x\" style=\"font-size: 25px;color: #ffffff;\" ><\/i><\/a><\/span>[vc_separator type=\u00a0\u00bbtransparent\u00a0\u00bb up=\u00a0\u00bb16&Prime; down=\u00a0\u00bb0&Prime;][vc_column_text]<\/p>\n<h2><a title=\"Autorisation d'un \u00e9tablissement de prostitution (Erlaubnis f\u00fcr Prostitutionsgewerbe)\" href=\"https:\/\/www.prostituiertenschutzgesetz.info\/fr\/autorisation-dun-etablissement-de-prostitution\/\">Autorisation d&rsquo;un \u00e9tablissement de prostitution<\/a><\/h2>\n<p>[\/vc_column_text][vc_separator type=\u00a0\u00bbsmall\u00a0\u00bb position=\u00a0\u00bbcenter\u00a0\u00bb up=\u00a0\u00bb16&Prime; down=\u00a0\u00bb12&Prime;][vc_column_text]Une autorisation administrative est requise pour exploiter un \u00e9tablissement de prostitution. Les \u00e9tablissements de prostitution sont par exemple des maisons closes et \u00e9tablissements similaires (par ex. saunas ou clubs naturistes, bordels ou \u00ab appartements de mod\u00e8les \u00bb), les v\u00e9hicules de prostitution (par ex. lovemobile), les \u00e9v\u00e9nements de prostitution (par ex. soir\u00e9es sexuelles payantes) et les agences de prostitution (par ex. agences d&rsquo;escorte). [\/vc_column_text][vc_separator type=\u00a0\u00bbtransparent\u00a0\u00bb up=\u00a0\u00bb50&Prime; down=\u00a0\u00bb0&Prime;][\/vc_column][vc_column width=\u00a0\u00bb1\/4&Prime; css=\u00a0\u00bb.vc_custom_1483391722969{padding-right: 10px !important;padding-left: 10px !important;}\u00a0\u00bb]<span data-type=\"circle\" data-hover-bg-color=\"#006f9e\"  class=\"qode_icon_shortcode fa-stack q_font_awsome_icon_stack fa-3x  \" style=\"font-size: 25px;font-size: 35px; \"><a  itemprop=\"url\" href=\"https:\/\/www.prostituiertenschutzgesetz.info\/fr\/consultation-sanitaire\/\" target=\"_self\"><i class=\"fa fa-circle fa-stack-base fa-stack-2x\" style=\"color: #dd3333;\"><\/i><i class=\"qode_icon_font_awesome fa fa-user-md qode_icon_element fa-stack-1x\" style=\"font-size: 25px;color: #ffffff;\" ><\/i><\/a><\/span>[vc_separator type=\u00a0\u00bbtransparent\u00a0\u00bb up=\u00a0\u00bb16&Prime; down=\u00a0\u00bb0&Prime;][vc_column_text]<\/p>\n<h2><a title=\"Consultation sanitaire (Gesundheitliche Beratung) \" href=\"https:\/\/www.prostituiertenschutzgesetz.info\/fr\/consultation-sanitaire\/\">Consultation<br \/>\nsanitaire<\/a><\/h2>\n<p>[\/vc_column_text][vc_separator type=\u00a0\u00bbsmall\u00a0\u00bb position=\u00a0\u00bbcenter\u00a0\u00bb up=\u00a0\u00bb16&Prime; down=\u00a0\u00bb12&Prime;][vc_column_text]Avant de pouvoir se d\u00e9clarer, il faut se rendre \u00e0 une consultation sanitaire. La consultation est g\u00e9n\u00e9ralement men\u00e9e par l&rsquo;autorit\u00e9 sanitaire mais une autre autorit\u00e9 peut \u00eatre responsable dans certains L\u00e4nder. L&rsquo;autorit\u00e9 sanitaire locale peut vous renseigner \u00e0 ce propos. [\/vc_column_text][vc_separator type=\u00a0\u00bbtransparent\u00a0\u00bb up=\u00a0\u00bb50&Prime; down=\u00a0\u00bb0&Prime;][\/vc_column][vc_column width=\u00a0\u00bb1\/4&Prime; css=\u00a0\u00bb.vc_custom_1483391731766{padding-right: 20px !important;padding-left: 10px !important;}\u00a0\u00bb]<span data-type=\"circle\" data-hover-bg-color=\"#006f9e\"  class=\"qode_icon_shortcode fa-stack q_font_awsome_icon_stack fa-3x  \" style=\"font-size: 25px;font-size: 35px; \"><a  itemprop=\"url\" href=\"https:\/\/www.prostituiertenschutzgesetz.info\/fr\/obligation-dutiliser-un-preservatif\/\" target=\"_self\"><i class=\"fa fa-circle fa-stack-base fa-stack-2x\" style=\"color: #dd3333;\"><\/i><i class=\"qode_icon_font_awesome fa fa-minus-circle qode_icon_element fa-stack-1x\" style=\"font-size: 25px;color: #ffffff;\" ><\/i><\/a><\/span>[vc_separator type=\u00a0\u00bbtransparent\u00a0\u00bb up=\u00a0\u00bb16&Prime; down=\u00a0\u00bb0&Prime;][vc_column_text]<\/p>\n<h2><a title=\"Obligation d'utiliser un pr\u00e9servatif (Kondompflicht)\" href=\"https:\/\/www.prostituiertenschutzgesetz.info\/fr\/obligation-dutiliser-un-preservatif\/\">Obligation d&rsquo;utiliser un pr\u00e9servatif <\/a><\/h2>\n<p>[\/vc_column_text][vc_separator type=\u00a0\u00bbsmall\u00a0\u00bb position=\u00a0\u00bbcenter\u00a0\u00bb up=\u00a0\u00bb16&Prime; down=\u00a0\u00bb12&Prime;][vc_column_text]Un pr\u00e9servatif doit \u00eatre utilis\u00e9 lors de toute relation sexuelle \u2013 qu&rsquo;elle soit orale, anale ou vaginale. Les personnes prostitu\u00e9es ont le droit de refuser une relation sexuelle sans pr\u00e9servatif. Les \u00e9tablissements de prostitution doivent signaler par un affichage l&rsquo;obligation d&rsquo;utiliser un pr\u00e9servatif. Les clients qui n&rsquo;utilisent pas de pr\u00e9servatif s&rsquo;exposent \u00e0 une amende. Les exploitants et personnes prostitu\u00e9es ne doivent pas faire de publicit\u00e9 pour des relations sexuelles non prot\u00e9g\u00e9es. [\/vc_column_text][vc_separator type=\u00a0\u00bbtransparent\u00a0\u00bb up=\u00a0\u00bb50&Prime; down=\u00a0\u00bb0&Prime;][\/vc_column][\/vc_row][vc_row row_type=\u00a0\u00bbparallax\u00a0\u00bb parallax_content_width=\u00a0\u00bbin_grid\u00a0\u00bb text_align=\u00a0\u00bbcenter\u00a0\u00bb background_image=\u00a0\u00bb15602&Prime; full_screen_section_height=\u00a0\u00bbno\u00a0\u00bb section_height=\u00a0\u00bb600&Prime;][vc_column css=\u00a0\u00bb.vc_custom_1483399201854{padding-top: 80px !important;padding-bottom: 80px !important;}\u00a0\u00bb]<div class=\"container_inner\"><div class=\"call_to_action simple\" style=\"background-color: #006f9e;\"><div class=\"text_wrapper column1\"><div class=\"call_to_action_text \" style=\"\">Informations en fran\u00e7ais<\/div><a itemprop=\"url\" href=\"https:\/\/www.prostituiertenschutzgesetz.info\/wp-content\/uploads\/prostschg-textbausteine-fr-data.pdf\" class=\"qbutton white \" target=\"_blank\" style=\"\" data-hover-background-color=#ffffff data-hover-border-color=#ffffff data-hover-color=#006f9e>T\u00e9l\u00e9charger en PDF<\/a><\/div><\/div><\/div>[\/vc_column][\/vc_row][vc_row css_animation=\u00a0\u00bb\u00a0\u00bb row_type=\u00a0\u00bbrow\u00a0\u00bb use_row_as_full_screen_section=\u00a0\u00bbno\u00a0\u00bb type=\u00a0\u00bbgrid\u00a0\u00bb angled_section=\u00a0\u00bbno\u00a0\u00bb text_align=\u00a0\u00bbleft\u00a0\u00bb background_image_as_pattern=\u00a0\u00bbwithout_pattern\u00a0\u00bb][vc_column css=\u00a0\u00bb.vc_custom_1487445616654{padding-bottom: 70px !important;}\u00a0\u00bb][vc_row_inner row_type=\u00a0\u00bbrow\u00a0\u00bb type=\u00a0\u00bbfull_width\u00a0\u00bb text_align=\u00a0\u00bbleft\u00a0\u00bb css_animation=\u00a0\u00bb\u00a0\u00bb][vc_column_inner css=\u00a0\u00bb.vc_custom_1498941501420{padding-top: 50px !important;padding-bottom: 100px !important;}\u00a0\u00bb][vc_column_text]<\/p>\n<h2 style=\"text-align: center; font-size: 2em;\">Carte en ligne<\/h2>\n<p style=\"text-align: center;\">Recherche d&rsquo;adresse pour les bureaux de sant\u00e9, les centres de conseil, d&rsquo;enregistrement et de Consultation sanitaire<\/p>\n<p style=\"text-align: center;\">(jusqu&rsquo;\u00e0 pr\u00e9sent seulement en allemand)<\/p>\n<p>[\/vc_column_text][vc_empty_space][vc_single_image image=\u00a0\u00bb16045&Prime; img_size=\u00a0\u00bbfull\u00a0\u00bb alignment=\u00a0\u00bbcenter\u00a0\u00bb style=\u00a0\u00bbvc_box_shadow_3d\u00a0\u00bb onclick=\u00a0\u00bbcustom_link\u00a0\u00bb qode_css_animation=\u00a0\u00bb\u00a0\u00bb qode_hover_animation=\u00a0\u00bbzoom_in\u00a0\u00bb link=\u00a0\u00bbhttps:\/\/www.prostituiertenschutzgesetz.info\/adressen-suche\/\u00a0\u00bb][\/vc_column_inner][\/vc_row_inner][\/vc_column][\/vc_row]<\/p>\n<\/div>","protected":false},"excerpt":{"rendered":"<p>[vc_row css_animation=\u00a0\u00bb\u00a0\u00bb row_type=\u00a0\u00bbrow\u00a0\u00bb use_row_as_full_screen_section=\u00a0\u00bbno\u00a0\u00bb type=\u00a0\u00bbgrid\u00a0\u00bb header_style=\u00a0\u00bbdark\u00a0\u00bb angled_section=\u00a0\u00bbno\u00a0\u00bb text_align=\u00a0\u00bbleft\u00a0\u00bb background_image_as_pattern=\u00a0\u00bbwithout_pattern\u00a0\u00bb background_color=\u00a0\u00bb#006f9e\u00a0\u00bb][vc_column css=\u00a0\u00bb.vc_custom_1483387761610{padding-top: 100px !important;padding-bottom: 100px !important;}\u00a0\u00bb][vc_row_inner row_type=\u00a0\u00bbrow\u00a0\u00bb type=\u00a0\u00bbfull_width\u00a0\u00bb text_align=\u00a0\u00bbleft\u00a0\u00bb css_animation=\u00a0\u00bb\u00a0\u00bb][vc_column_inner][vc_separator type=\u00a0\u00bbnormal\u00a0\u00bb color=\u00a0\u00bbrgba(201,212,221,0.25)\u00a0\u00bb up=\u00a0\u00bb6&Prime; down=\u00a0\u00bb3&Prime;][vc_separator type=\u00a0\u00bbnormal\u00a0\u00bb color=\u00a0\u00bbrgba(201,212,221,0.25)\u00a0\u00bb up=\u00a0\u00bb0&Prime; down=\u00a0\u00bb0&Prime;][vc_column_text] ProstSchG [\/vc_column_text][vc_separator type=\u00a0\u00bbnormal\u00a0\u00bb color=\u00a0\u00bbrgba(201,212,221,0.25)\u00a0\u00bb up=\u00a0\u00bb0&Prime; down=\u00a0\u00bb3&Prime;][vc_separator type=\u00a0\u00bbnormal\u00a0\u00bb color=\u00a0\u00bbrgba(201,212,221,0.25)\u00a0\u00bb up=\u00a0\u00bb0&Prime; down=\u00a0\u00bb16&Prime;][vc_column_text] La loi sur la protection des personnes prostitu\u00e9es&#8230;<\/p>\n","protected":false},"author":1,"featured_media":0,"parent":0,"menu_order":0,"comment_status":"open","ping_status":"open","template":"full_width.php","meta":{"footnotes":""},"yoast_head":"<!-- This site is optimized with the Yoast SEO plugin v21.9.1 - https:\/\/yoast.com\/wordpress\/plugins\/seo\/ -->\n<title>La loi sur la protection des personnes prostitu\u00e9es - Prostituiertenschutzgesetz<\/title>\n<meta name=\"robots\" content=\"index, follow, max-snippet:-1, max-image-preview:large, max-video-preview:-1\" \/>\n<link rel=\"canonical\" href=\"https:\/\/www.prostituiertenschutzgesetz.info\/fr\/\" \/>\n<meta property=\"og:locale\" content=\"fr_FR\" \/>\n<meta property=\"og:type\" content=\"article\" \/>\n<meta property=\"og:title\" content=\"La loi sur la protection des personnes prostitu\u00e9es - Prostituiertenschutzgesetz\" \/>\n<meta property=\"og:description\" content=\"[vc_row css_animation=\u00a0\u00bb\u00a0\u00bb row_type=\u00a0\u00bbrow\u00a0\u00bb use_row_as_full_screen_section=\u00a0\u00bbno\u00a0\u00bb type=\u00a0\u00bbgrid\u00a0\u00bb header_style=\u00a0\u00bbdark\u00a0\u00bb angled_section=\u00a0\u00bbno\u00a0\u00bb text_align=\u00a0\u00bbleft\u00a0\u00bb background_image_as_pattern=\u00a0\u00bbwithout_pattern\u00a0\u00bb background_color=\u00a0\u00bb#006f9e\u00a0\u00bb][vc_column css=\u00a0\u00bb.vc_custom_1483387761610{padding-top: 100px !important;padding-bottom: 100px !important;}\u00a0\u00bb][vc_row_inner row_type=\u00a0\u00bbrow\u00a0\u00bb type=\u00a0\u00bbfull_width\u00a0\u00bb text_align=\u00a0\u00bbleft\u00a0\u00bb css_animation=\u00a0\u00bb\u00a0\u00bb][vc_column_inner][vc_separator type=\u00a0\u00bbnormal\u00a0\u00bb color=\u00a0\u00bbrgba(201,212,221,0.25)\u00a0\u00bb up=\u00a0\u00bb6&Prime; down=\u00a0\u00bb3&Prime;][vc_separator type=\u00a0\u00bbnormal\u00a0\u00bb color=\u00a0\u00bbrgba(201,212,221,0.25)\u00a0\u00bb up=\u00a0\u00bb0&Prime; down=\u00a0\u00bb0&Prime;][vc_column_text] ProstSchG [\/vc_column_text][vc_separator type=\u00a0\u00bbnormal\u00a0\u00bb color=\u00a0\u00bbrgba(201,212,221,0.25)\u00a0\u00bb up=\u00a0\u00bb0&Prime; down=\u00a0\u00bb3&Prime;][vc_separator type=\u00a0\u00bbnormal\u00a0\u00bb color=\u00a0\u00bbrgba(201,212,221,0.25)\u00a0\u00bb up=\u00a0\u00bb0&Prime; down=\u00a0\u00bb16&Prime;][vc_column_text] La loi sur la protection des personnes prostitu\u00e9es...\" \/>\n<meta property=\"og:url\" content=\"https:\/\/www.prostituiertenschutzgesetz.info\/fr\/\" \/>\n<meta property=\"og:site_name\" content=\"Prostituiertenschutzgesetz\" \/>\n<meta property=\"article:modified_time\" content=\"2017-07-21T15:46:11+00:00\" \/>\n<meta name=\"twitter:card\" content=\"summary_large_image\" \/>\n<meta name=\"twitter:label1\" content=\"Dur\u00e9e de lecture estim\u00e9e\" \/>\n\t<meta name=\"twitter:data1\" content=\"5 minutes\" \/>\n<script type=\"application\/ld+json\" class=\"yoast-schema-graph\">{\"@context\":\"https:\/\/schema.org\",\"@graph\":[{\"@type\":\"WebPage\",\"@id\":\"https:\/\/www.prostituiertenschutzgesetz.info\/fr\/\",\"url\":\"https:\/\/www.prostituiertenschutzgesetz.info\/fr\/\",\"name\":\"La loi sur la protection des personnes prostitu\u00e9es - Prostituiertenschutzgesetz\",\"isPartOf\":{\"@id\":\"https:\/\/www.prostituiertenschutzgesetz.info\/#website\"},\"datePublished\":\"2017-07-20T22:37:33+00:00\",\"dateModified\":\"2017-07-21T15:46:11+00:00\",\"breadcrumb\":{\"@id\":\"https:\/\/www.prostituiertenschutzgesetz.info\/fr\/#breadcrumb\"},\"inLanguage\":\"fr-FR\",\"potentialAction\":[{\"@type\":\"ReadAction\",\"target\":[\"https:\/\/www.prostituiertenschutzgesetz.info\/fr\/\"]}]},{\"@type\":\"BreadcrumbList\",\"@id\":\"https:\/\/www.prostituiertenschutzgesetz.info\/fr\/#breadcrumb\",\"itemListElement\":[{\"@type\":\"ListItem\",\"position\":1,\"name\":\"Startseite\",\"item\":\"https:\/\/www.prostituiertenschutzgesetz.info\/fr\/\"},{\"@type\":\"ListItem\",\"position\":2,\"name\":\"La loi sur la protection des personnes prostitu\u00e9es\"}]},{\"@type\":\"WebSite\",\"@id\":\"https:\/\/www.prostituiertenschutzgesetz.info\/#website\",\"url\":\"https:\/\/www.prostituiertenschutzgesetz.info\/\",\"name\":\"Prostituiertenschutzgesetz\",\"description\":\"Informationen zum ProstSchG\",\"potentialAction\":[{\"@type\":\"SearchAction\",\"target\":{\"@type\":\"EntryPoint\",\"urlTemplate\":\"https:\/\/www.prostituiertenschutzgesetz.info\/?s={search_term_string}\"},\"query-input\":\"required name=search_term_string\"}],\"inLanguage\":\"fr-FR\"}]}<\/script>\n<!-- \/ Yoast SEO plugin. -->","yoast_head_json":{"title":"La loi sur la protection des personnes prostitu\u00e9es - Prostituiertenschutzgesetz","robots":{"index":"index","follow":"follow","max-snippet":"max-snippet:-1","max-image-preview":"max-image-preview:large","max-video-preview":"max-video-preview:-1"},"canonical":"https:\/\/www.prostituiertenschutzgesetz.info\/fr\/","og_locale":"fr_FR","og_type":"article","og_title":"La loi sur la protection des personnes prostitu\u00e9es - Prostituiertenschutzgesetz","og_description":"[vc_row css_animation=\u00a0\u00bb\u00a0\u00bb row_type=\u00a0\u00bbrow\u00a0\u00bb use_row_as_full_screen_section=\u00a0\u00bbno\u00a0\u00bb type=\u00a0\u00bbgrid\u00a0\u00bb header_style=\u00a0\u00bbdark\u00a0\u00bb angled_section=\u00a0\u00bbno\u00a0\u00bb text_align=\u00a0\u00bbleft\u00a0\u00bb background_image_as_pattern=\u00a0\u00bbwithout_pattern\u00a0\u00bb background_color=\u00a0\u00bb#006f9e\u00a0\u00bb][vc_column css=\u00a0\u00bb.vc_custom_1483387761610{padding-top: 100px !important;padding-bottom: 100px !important;}\u00a0\u00bb][vc_row_inner row_type=\u00a0\u00bbrow\u00a0\u00bb type=\u00a0\u00bbfull_width\u00a0\u00bb text_align=\u00a0\u00bbleft\u00a0\u00bb css_animation=\u00a0\u00bb\u00a0\u00bb][vc_column_inner][vc_separator type=\u00a0\u00bbnormal\u00a0\u00bb color=\u00a0\u00bbrgba(201,212,221,0.25)\u00a0\u00bb up=\u00a0\u00bb6&Prime; down=\u00a0\u00bb3&Prime;][vc_separator type=\u00a0\u00bbnormal\u00a0\u00bb color=\u00a0\u00bbrgba(201,212,221,0.25)\u00a0\u00bb up=\u00a0\u00bb0&Prime; down=\u00a0\u00bb0&Prime;][vc_column_text] ProstSchG [\/vc_column_text][vc_separator type=\u00a0\u00bbnormal\u00a0\u00bb color=\u00a0\u00bbrgba(201,212,221,0.25)\u00a0\u00bb up=\u00a0\u00bb0&Prime; down=\u00a0\u00bb3&Prime;][vc_separator type=\u00a0\u00bbnormal\u00a0\u00bb color=\u00a0\u00bbrgba(201,212,221,0.25)\u00a0\u00bb up=\u00a0\u00bb0&Prime; down=\u00a0\u00bb16&Prime;][vc_column_text] La loi sur la protection des personnes prostitu\u00e9es...","og_url":"https:\/\/www.prostituiertenschutzgesetz.info\/fr\/","og_site_name":"Prostituiertenschutzgesetz","article_modified_time":"2017-07-21T15:46:11+00:00","twitter_card":"summary_large_image","twitter_misc":{"Dur\u00e9e de lecture estim\u00e9e":"5 minutes"},"schema":{"@context":"https:\/\/schema.org","@graph":[{"@type":"WebPage","@id":"https:\/\/www.prostituiertenschutzgesetz.info\/fr\/","url":"https:\/\/www.prostituiertenschutzgesetz.info\/fr\/","name":"La loi sur la protection des personnes prostitu\u00e9es - Prostituiertenschutzgesetz","isPartOf":{"@id":"https:\/\/www.prostituiertenschutzgesetz.info\/#website"},"datePublished":"2017-07-20T22:37:33+00:00","dateModified":"2017-07-21T15:46:11+00:00","breadcrumb":{"@id":"https:\/\/www.prostituiertenschutzgesetz.info\/fr\/#breadcrumb"},"inLanguage":"fr-FR","potentialAction":[{"@type":"ReadAction","target":["https:\/\/www.prostituiertenschutzgesetz.info\/fr\/"]}]},{"@type":"BreadcrumbList","@id":"https:\/\/www.prostituiertenschutzgesetz.info\/fr\/#breadcrumb","itemListElement":[{"@type":"ListItem","position":1,"name":"Startseite","item":"https:\/\/www.prostituiertenschutzgesetz.info\/fr\/"},{"@type":"ListItem","position":2,"name":"La loi sur la protection des personnes prostitu\u00e9es"}]},{"@type":"WebSite","@id":"https:\/\/www.prostituiertenschutzgesetz.info\/#website","url":"https:\/\/www.prostituiertenschutzgesetz.info\/","name":"Prostituiertenschutzgesetz","description":"Informationen zum ProstSchG","potentialAction":[{"@type":"SearchAction","target":{"@type":"EntryPoint","urlTemplate":"https:\/\/www.prostituiertenschutzgesetz.info\/?s={search_term_string}"},"query-input":"required name=search_term_string"}],"inLanguage":"fr-FR"}]}},"_links":{"self":[{"href":"https:\/\/www.prostituiertenschutzgesetz.info\/fr\/wp-json\/wp\/v2\/pages\/16369"}],"collection":[{"href":"https:\/\/www.prostituiertenschutzgesetz.info\/fr\/wp-json\/wp\/v2\/pages"}],"about":[{"href":"https:\/\/www.prostituiertenschutzgesetz.info\/fr\/wp-json\/wp\/v2\/types\/page"}],"author":[{"embeddable":true,"href":"https:\/\/www.prostituiertenschutzgesetz.info\/fr\/wp-json\/wp\/v2\/users\/1"}],"replies":[{"embeddable":true,"href":"https:\/\/www.prostituiertenschutzgesetz.info\/fr\/wp-json\/wp\/v2\/comments?post=16369"}],"version-history":[{"count":0,"href":"https:\/\/www.prostituiertenschutzgesetz.info\/fr\/wp-json\/wp\/v2\/pages\/16369\/revisions"}],"wp:attachment":[{"href":"https:\/\/www.prostituiertenschutzgesetz.info\/fr\/wp-json\/wp\/v2\/media?parent=16369"}],"curies":[{"name":"wp","href":"https:\/\/api.w.org\/{rel}","templated":true}]}}