{"id":16380,"date":"2017-07-21T00:13:26","date_gmt":"2017-07-20T22:13:26","guid":{"rendered":"https:\/\/www.prostituiertenschutzgesetz.info\/?page_id=16380\/"},"modified":"2017-07-21T00:13:26","modified_gmt":"2017-07-20T22:13:26","slug":"consultation-sanitaire","status":"publish","type":"page","link":"https:\/\/www.prostituiertenschutzgesetz.info\/fr\/consultation-sanitaire\/","title":{"rendered":"Consultation sanitaire"},"content":{"rendered":"<div class=\"wpb-content-wrapper\"><p>[vc_row css_animation=\u00a0\u00bb\u00a0\u00bb row_type=\u00a0\u00bbrow\u00a0\u00bb use_row_as_full_screen_section=\u00a0\u00bbno\u00a0\u00bb type=\u00a0\u00bbgrid\u00a0\u00bb angled_section=\u00a0\u00bbno\u00a0\u00bb text_align=\u00a0\u00bbleft\u00a0\u00bb background_image_as_pattern=\u00a0\u00bbwithout_pattern\u00a0\u00bb padding_bottom=\u00a0\u00bb100&Prime; css=\u00a0\u00bb.vc_custom_1469741190139{padding-bottom: 76px !important;}\u00a0\u00bb][vc_column][vc_column_text]<\/p>\n<h2>Consultation sanitaire (Gesundheitliche Beratung)<\/h2>\n<p>&nbsp;<\/p>\n<p>Avant de pouvoir se d\u00e9clarer, il faut se rendre \u00e0 une consultation sanitaire. La consultation est g\u00e9n\u00e9ralement men\u00e9e par l&rsquo;autorit\u00e9 sanitaire mais une autre autorit\u00e9 peut \u00eatre responsable dans certains L\u00e4nder. L&rsquo;autorit\u00e9 sanitaire locale peut vous renseigner \u00e0 ce propos.<\/p>\n<p>La consultation sanitaire concerne essentiellement les questions de protection contre les maladies, la grossesse et la contraception ainsi que les risques li\u00e9s \u00e0 l&rsquo;abus d&rsquo;alcool et de drogue. Important : l&rsquo;entretien est confidentiel, aucune information n&rsquo;est transmise. Vous pouvez \u00e9galement y aborder d&rsquo;autres sujets, par ex. si vous vous sentez perdu(e) et que vous avez besoin de conseils et d&rsquo;aide. Si la personne prostitu\u00e9e ne parle pas ou parle mal allemand, un tiers peut \u00eatre pr\u00e9sent \u00e0 l&rsquo;entretien en vue de la traduction, mais uniquement si l&rsquo;autorit\u00e9 et la personne conseill\u00e9e donnent leur accord. M\u00eame dans ce cas, l&rsquo;entretien reste confidentiel.<\/p>\n<p>Apr\u00e8s la consultation sanitaire, vous recevez un certificat portant votre nom et votre pr\u00e9nom. Vous en avez besoin pour la d\u00e9claration. La consultation sanitaire doit \u00eatre r\u00e9p\u00e9t\u00e9e tous les douze mois. Les personnes prostitu\u00e9es \u00e2g\u00e9es de moins de 21 ans doivent r\u00e9p\u00e9ter la consultation tous les six mois.<\/p>\n<p>Vous devez aussi avoir ce certificat de consultation sanitaire sur vous pendant le travail. Si vous ne souhaitez pas que votre vrai nom apparaisse sur ce certificat, vous pouvez demander un certificat suppl\u00e9mentaire comportant votre alias. L&rsquo;alias doit \u00eatre le m\u00eame sur le certificat de consultation sanitaire et sur le certificat de d\u00e9claration.[\/vc_column_text][\/vc_column][\/vc_row]<\/p>\n<\/div>","protected":false},"excerpt":{"rendered":"<p>[vc_row css_animation=\u00a0\u00bb\u00a0\u00bb row_type=\u00a0\u00bbrow\u00a0\u00bb use_row_as_full_screen_section=\u00a0\u00bbno\u00a0\u00bb type=\u00a0\u00bbgrid\u00a0\u00bb angled_section=\u00a0\u00bbno\u00a0\u00bb text_align=\u00a0\u00bbleft\u00a0\u00bb background_image_as_pattern=\u00a0\u00bbwithout_pattern\u00a0\u00bb padding_bottom=\u00a0\u00bb100&Prime; css=\u00a0\u00bb.vc_custom_1469741190139{padding-bottom: 76px !important;}\u00a0\u00bb][vc_column][vc_column_text] Consultation sanitaire (Gesundheitliche Beratung) &nbsp; Avant de pouvoir se d\u00e9clarer, il faut se rendre \u00e0 une consultation sanitaire. La consultation est g\u00e9n\u00e9ralement men\u00e9e par l&rsquo;autorit\u00e9 sanitaire mais une autre autorit\u00e9 peut \u00eatre responsable&#8230;<\/p>\n","protected":false},"author":1,"featured_media":0,"parent":0,"menu_order":0,"comment_status":"closed","ping_status":"closed","template":"","meta":{"footnotes":""},"yoast_head":"<!-- This site is optimized with the Yoast SEO plugin v21.9.1 - https:\/\/yoast.com\/wordpress\/plugins\/seo\/ -->\n<title>Consultation sanitaire - Prostituiertenschutzgesetz<\/title>\n<meta name=\"robots\" content=\"index, follow, max-snippet:-1, max-image-preview:large, max-video-preview:-1\" \/>\n<link rel=\"canonical\" href=\"https:\/\/www.prostituiertenschutzgesetz.info\/fr\/consultation-sanitaire\/\" \/>\n<meta property=\"og:locale\" content=\"fr_FR\" \/>\n<meta property=\"og:type\" content=\"article\" \/>\n<meta property=\"og:title\" content=\"Consultation sanitaire - Prostituiertenschutzgesetz\" \/>\n<meta property=\"og:description\" content=\"[vc_row css_animation=\u00a0\u00bb\u00a0\u00bb row_type=\u00a0\u00bbrow\u00a0\u00bb use_row_as_full_screen_section=\u00a0\u00bbno\u00a0\u00bb type=\u00a0\u00bbgrid\u00a0\u00bb angled_section=\u00a0\u00bbno\u00a0\u00bb text_align=\u00a0\u00bbleft\u00a0\u00bb background_image_as_pattern=\u00a0\u00bbwithout_pattern\u00a0\u00bb padding_bottom=\u00a0\u00bb100&Prime; css=\u00a0\u00bb.vc_custom_1469741190139{padding-bottom: 76px !important;}\u00a0\u00bb][vc_column][vc_column_text] Consultation sanitaire (Gesundheitliche Beratung) &nbsp; Avant de pouvoir se d\u00e9clarer, il faut se rendre \u00e0 une consultation sanitaire. La consultation est g\u00e9n\u00e9ralement men\u00e9e par l&rsquo;autorit\u00e9 sanitaire mais une autre autorit\u00e9 peut \u00eatre responsable...\" \/>\n<meta property=\"og:url\" content=\"https:\/\/www.prostituiertenschutzgesetz.info\/fr\/consultation-sanitaire\/\" \/>\n<meta property=\"og:site_name\" content=\"Prostituiertenschutzgesetz\" \/>\n<meta name=\"twitter:card\" content=\"summary_large_image\" \/>\n<meta name=\"twitter:label1\" content=\"Dur\u00e9e de lecture estim\u00e9e\" \/>\n\t<meta name=\"twitter:data1\" content=\"2 minutes\" \/>\n<script type=\"application\/ld+json\" class=\"yoast-schema-graph\">{\"@context\":\"https:\/\/schema.org\",\"@graph\":[{\"@type\":\"WebPage\",\"@id\":\"https:\/\/www.prostituiertenschutzgesetz.info\/fr\/consultation-sanitaire\/\",\"url\":\"https:\/\/www.prostituiertenschutzgesetz.info\/fr\/consultation-sanitaire\/\",\"name\":\"Consultation sanitaire - Prostituiertenschutzgesetz\",\"isPartOf\":{\"@id\":\"https:\/\/www.prostituiertenschutzgesetz.info\/#website\"},\"datePublished\":\"2017-07-20T22:13:26+00:00\",\"dateModified\":\"2017-07-20T22:13:26+00:00\",\"breadcrumb\":{\"@id\":\"https:\/\/www.prostituiertenschutzgesetz.info\/fr\/consultation-sanitaire\/#breadcrumb\"},\"inLanguage\":\"fr-FR\",\"potentialAction\":[{\"@type\":\"ReadAction\",\"target\":[\"https:\/\/www.prostituiertenschutzgesetz.info\/fr\/consultation-sanitaire\/\"]}]},{\"@type\":\"BreadcrumbList\",\"@id\":\"https:\/\/www.prostituiertenschutzgesetz.info\/fr\/consultation-sanitaire\/#breadcrumb\",\"itemListElement\":[{\"@type\":\"ListItem\",\"position\":1,\"name\":\"Startseite\",\"item\":\"https:\/\/www.prostituiertenschutzgesetz.info\/fr\/\"},{\"@type\":\"ListItem\",\"position\":2,\"name\":\"Consultation sanitaire\"}]},{\"@type\":\"WebSite\",\"@id\":\"https:\/\/www.prostituiertenschutzgesetz.info\/#website\",\"url\":\"https:\/\/www.prostituiertenschutzgesetz.info\/\",\"name\":\"Prostituiertenschutzgesetz\",\"description\":\"Informationen zum ProstSchG\",\"potentialAction\":[{\"@type\":\"SearchAction\",\"target\":{\"@type\":\"EntryPoint\",\"urlTemplate\":\"https:\/\/www.prostituiertenschutzgesetz.info\/?s={search_term_string}\"},\"query-input\":\"required name=search_term_string\"}],\"inLanguage\":\"fr-FR\"}]}<\/script>\n<!-- \/ Yoast SEO plugin. -->","yoast_head_json":{"title":"Consultation sanitaire - Prostituiertenschutzgesetz","robots":{"index":"index","follow":"follow","max-snippet":"max-snippet:-1","max-image-preview":"max-image-preview:large","max-video-preview":"max-video-preview:-1"},"canonical":"https:\/\/www.prostituiertenschutzgesetz.info\/fr\/consultation-sanitaire\/","og_locale":"fr_FR","og_type":"article","og_title":"Consultation sanitaire - Prostituiertenschutzgesetz","og_description":"[vc_row css_animation=\u00a0\u00bb\u00a0\u00bb row_type=\u00a0\u00bbrow\u00a0\u00bb use_row_as_full_screen_section=\u00a0\u00bbno\u00a0\u00bb type=\u00a0\u00bbgrid\u00a0\u00bb angled_section=\u00a0\u00bbno\u00a0\u00bb text_align=\u00a0\u00bbleft\u00a0\u00bb background_image_as_pattern=\u00a0\u00bbwithout_pattern\u00a0\u00bb padding_bottom=\u00a0\u00bb100&Prime; css=\u00a0\u00bb.vc_custom_1469741190139{padding-bottom: 76px !important;}\u00a0\u00bb][vc_column][vc_column_text] Consultation sanitaire (Gesundheitliche Beratung) &nbsp; Avant de pouvoir se d\u00e9clarer, il faut se rendre \u00e0 une consultation sanitaire. La consultation est g\u00e9n\u00e9ralement men\u00e9e par l&rsquo;autorit\u00e9 sanitaire mais une autre autorit\u00e9 peut \u00eatre responsable...","og_url":"https:\/\/www.prostituiertenschutzgesetz.info\/fr\/consultation-sanitaire\/","og_site_name":"Prostituiertenschutzgesetz","twitter_card":"summary_large_image","twitter_misc":{"Dur\u00e9e de lecture estim\u00e9e":"2 minutes"},"schema":{"@context":"https:\/\/schema.org","@graph":[{"@type":"WebPage","@id":"https:\/\/www.prostituiertenschutzgesetz.info\/fr\/consultation-sanitaire\/","url":"https:\/\/www.prostituiertenschutzgesetz.info\/fr\/consultation-sanitaire\/","name":"Consultation sanitaire - Prostituiertenschutzgesetz","isPartOf":{"@id":"https:\/\/www.prostituiertenschutzgesetz.info\/#website"},"datePublished":"2017-07-20T22:13:26+00:00","dateModified":"2017-07-20T22:13:26+00:00","breadcrumb":{"@id":"https:\/\/www.prostituiertenschutzgesetz.info\/fr\/consultation-sanitaire\/#breadcrumb"},"inLanguage":"fr-FR","potentialAction":[{"@type":"ReadAction","target":["https:\/\/www.prostituiertenschutzgesetz.info\/fr\/consultation-sanitaire\/"]}]},{"@type":"BreadcrumbList","@id":"https:\/\/www.prostituiertenschutzgesetz.info\/fr\/consultation-sanitaire\/#breadcrumb","itemListElement":[{"@type":"ListItem","position":1,"name":"Startseite","item":"https:\/\/www.prostituiertenschutzgesetz.info\/fr\/"},{"@type":"ListItem","position":2,"name":"Consultation sanitaire"}]},{"@type":"WebSite","@id":"https:\/\/www.prostituiertenschutzgesetz.info\/#website","url":"https:\/\/www.prostituiertenschutzgesetz.info\/","name":"Prostituiertenschutzgesetz","description":"Informationen zum ProstSchG","potentialAction":[{"@type":"SearchAction","target":{"@type":"EntryPoint","urlTemplate":"https:\/\/www.prostituiertenschutzgesetz.info\/?s={search_term_string}"},"query-input":"required name=search_term_string"}],"inLanguage":"fr-FR"}]}},"_links":{"self":[{"href":"https:\/\/www.prostituiertenschutzgesetz.info\/fr\/wp-json\/wp\/v2\/pages\/16380"}],"collection":[{"href":"https:\/\/www.prostituiertenschutzgesetz.info\/fr\/wp-json\/wp\/v2\/pages"}],"about":[{"href":"https:\/\/www.prostituiertenschutzgesetz.info\/fr\/wp-json\/wp\/v2\/types\/page"}],"author":[{"embeddable":true,"href":"https:\/\/www.prostituiertenschutzgesetz.info\/fr\/wp-json\/wp\/v2\/users\/1"}],"replies":[{"embeddable":true,"href":"https:\/\/www.prostituiertenschutzgesetz.info\/fr\/wp-json\/wp\/v2\/comments?post=16380"}],"version-history":[{"count":0,"href":"https:\/\/www.prostituiertenschutzgesetz.info\/fr\/wp-json\/wp\/v2\/pages\/16380\/revisions"}],"wp:attachment":[{"href":"https:\/\/www.prostituiertenschutzgesetz.info\/fr\/wp-json\/wp\/v2\/media?parent=16380"}],"curies":[{"name":"wp","href":"https:\/\/api.w.org\/{rel}","templated":true}]}}