{"id":16236,"date":"2017-07-17T23:46:25","date_gmt":"2017-07-17T21:46:25","guid":{"rendered":"https:\/\/www.prostituiertenschutzgesetz.info\/?page_id=16236\/"},"modified":"2017-07-21T17:47:26","modified_gmt":"2017-07-21T15:47:26","slug":"protectie-a-prostituatelor","status":"publish","type":"page","link":"https:\/\/www.prostituiertenschutzgesetz.info\/ro\/","title":{"rendered":"Protec\u021bie a prostituatelor"},"content":{"rendered":"<div class=\"wpb-content-wrapper\"><p>[vc_row css_animation=&#8221;&#8221; row_type=&#8221;row&#8221; use_row_as_full_screen_section=&#8221;no&#8221; type=&#8221;grid&#8221; header_style=&#8221;dark&#8221; angled_section=&#8221;no&#8221; text_align=&#8221;left&#8221; background_image_as_pattern=&#8221;without_pattern&#8221; background_color=&#8221;#006f9e&#8221;][vc_column css=&#8221;.vc_custom_1483387761610{padding-top: 100px !important;padding-bottom: 100px !important;}&#8221;][vc_row_inner row_type=&#8221;row&#8221; type=&#8221;full_width&#8221; text_align=&#8221;left&#8221; css_animation=&#8221;&#8221;][vc_column_inner][vc_separator type=&#8221;normal&#8221; color=&#8221;rgba(201,212,221,0.25)&#8221; up=&#8221;6&#8243; down=&#8221;3&#8243;][vc_separator type=&#8221;normal&#8221; color=&#8221;rgba(201,212,221,0.25)&#8221; up=&#8221;0&#8243; down=&#8221;0&#8243;][vc_column_text]<\/p>\n<h2><span class=\"titelh2\" style=\"color: #ffffff;\">ProstSchG<\/span><\/h2>\n<p>[\/vc_column_text][vc_separator type=&#8221;normal&#8221; color=&#8221;rgba(201,212,221,0.25)&#8221; up=&#8221;0&#8243; down=&#8221;3&#8243;][vc_separator type=&#8221;normal&#8221; color=&#8221;rgba(201,212,221,0.25)&#8221; up=&#8221;0&#8243; down=&#8221;16&#8243;][vc_column_text]<\/p>\n<h2><span style=\"color: #ffffff;\">Noua lege de protec\u021bie a prostituatelor <\/span><\/h2>\n<h3><span style=\"color: #ffffff;\">Legea de protec\u021bie a prostituatelor este \u00een vigoare din 1 iulie 2017. <\/span><\/h3>\n<p>[\/vc_column_text][vc_separator type=&#8221;transparent&#8221; up=&#8221;14&#8243; down=&#8221;0&#8243;][vc_separator type=&#8221;transparent&#8221; up=&#8221;35&#8243; down=&#8221;0&#8243;][\/vc_column_inner][\/vc_row_inner][\/vc_column][\/vc_row][vc_row css_animation=&#8221;&#8221; row_type=&#8221;row&#8221; use_row_as_full_screen_section=&#8221;no&#8221; type=&#8221;full_width&#8221; angled_section=&#8221;no&#8221; text_align=&#8221;center&#8221; background_image_as_pattern=&#8221;without_pattern&#8221; side_padding=&#8221;1&#8243; padding_top=&#8221;83&#8243; padding_bottom=&#8221;34&#8243; el_class=&#8221;startboxtitel&#8221;][vc_column width=&#8221;1\/4&#8243; css=&#8221;.vc_custom_1483391697391{padding-left: 20px !important;}&#8221;]<span data-type=\"circle\" data-hover-bg-color=\"#006f9e\"  class=\"qode_icon_shortcode fa-stack q_font_awsome_icon_stack fa-3x  \" style=\"font-size: 25px;font-size: 35px; \"><a  itemprop=\"url\" href=\"https:\/\/www.prostituiertenschutzgesetz.info\/ro\/obligatia-de-inregistrare\/\" target=\"_self\"><i class=\"fa fa-circle fa-stack-base fa-stack-2x\" style=\"color: #dd3333;\"><\/i><span aria-hidden=\"true\" class=\"qode_icon_font_elegant icon_id qode_icon_element fa-stack-1x\" style=\"font-size: 25px;color: #ffffff;\" ><\/span><\/a><\/span>[vc_separator type=&#8221;transparent&#8221; up=&#8221;16&#8243; down=&#8221;0&#8243;][vc_column_text]<\/p>\n<h2><a title=\"Obliga\u021bia de \u00eenregistrare (Anmeldepflicht)\" href=\"https:\/\/www.prostituiertenschutzgesetz.info\/ro\/obligatia-de-inregistrare\/\">Obliga\u021bia<br \/>\nde \u00eenregistrare <\/a><\/h2>\n<p>[\/vc_column_text][vc_separator type=&#8221;small&#8221; position=&#8221;center&#8221; up=&#8221;16&#8243; down=&#8221;12&#8243;][vc_column_text]\u00cencep\u00e2nd cu 1 iulie 2017, prostituatele trebuie s\u0103 solicite personal luarea \u00een eviden\u021b\u0103. Cele care \u00eencep activitatea pentru prima dat\u0103, au dreptul s\u0103 lucreze, doar dup\u0103 ce au fost luate \u00een eviden\u021b\u0103. Cele care au mai lucrat \u00een Germania \u00eenainte de 1 iulie 2017 ca prostituate, pot solicita luarea \u00een eviden\u021b\u0103 p\u00e2n\u0103 cel t\u00e2rziu pe 31 decembrie 2017. Aceast\u0103 obligativitate de a se \u00eenregistra este valabil\u0103 pentru toate persoanele care presteaz\u0103 servicii sexuale.[\/vc_column_text][vc_separator type=&#8221;transparent&#8221; up=&#8221;50&#8243; down=&#8221;0&#8243;][\/vc_column][vc_column width=&#8221;1\/4&#8243; css=&#8221;.vc_custom_1483391711771{padding-right: 10px !important;padding-left: 20px !important;}&#8221;]<span data-type=\"circle\" data-hover-bg-color=\"#006f9e\"  class=\"qode_icon_shortcode fa-stack q_font_awsome_icon_stack fa-3x  \" style=\"font-size: 25px;font-size: 35px; \"><a  itemprop=\"url\" href=\"https:\/\/www.prostituiertenschutzgesetz.info\/ro\/licenta-pentru-activitatea-de-prostitutie\/\" target=\"_self\"><i class=\"fa fa-circle fa-stack-base fa-stack-2x\" style=\"color: #dd3333;\"><\/i><i class=\"qode_icon_font_awesome fa fa-file-text-o qode_icon_element fa-stack-1x\" style=\"font-size: 25px;color: #ffffff;\" ><\/i><\/a><\/span>[vc_separator type=&#8221;transparent&#8221; up=&#8221;16&#8243; down=&#8221;0&#8243;][vc_column_text]<\/p>\n<h2><a title=\"Licen\u021ba pentru activitatea de prostitu\u021bie (Erlaubnis f\u00fcr Prostitutionsgewerbe)\" href=\"https:\/\/www.prostituiertenschutzgesetz.info\/ro\/licenta-pentru-activitatea-de-prostitutie\/\">Licen\u021ba pentru activitatea de prostitu\u021bie<\/a><\/h2>\n<p>[\/vc_column_text][vc_separator type=&#8221;small&#8221; position=&#8221;center&#8221; up=&#8221;16&#8243; down=&#8221;12&#8243;][vc_column_text]Cei care de\u021bin un local de prostitu\u021bie, au nevoie de o licen\u021b\u0103. Localurile de prostitu\u021bie, sunt de exemplu bordelurile \u0219i amenaj\u0103rile similare (de ex. cluburi cu saun\u0103 \u0219i pentru nudism, locuin\u021bele de prostitu\u021bie sau \u201elocuin\u021bele model\u201c), vehiculele de prostitu\u021bie (de ex. love-mobile), organizatorii de manifest\u0103ri de prostitu\u021bie (de ex. petreceri de sex ) \u0219i intermediarii de prostitu\u021bie (de ex. agen\u021bii de escorte). [\/vc_column_text][vc_separator type=&#8221;transparent&#8221; up=&#8221;50&#8243; down=&#8221;0&#8243;][\/vc_column][vc_column width=&#8221;1\/4&#8243; css=&#8221;.vc_custom_1483391722969{padding-right: 10px !important;padding-left: 10px !important;}&#8221;]<span data-type=\"circle\" data-hover-bg-color=\"#006f9e\"  class=\"qode_icon_shortcode fa-stack q_font_awsome_icon_stack fa-3x  \" style=\"font-size: 25px;font-size: 35px; \"><a  itemprop=\"url\" href=\"https:\/\/www.prostituiertenschutzgesetz.info\/ro\/consiliere-medicala\/\" target=\"_self\"><i class=\"fa fa-circle fa-stack-base fa-stack-2x\" style=\"color: #dd3333;\"><\/i><i class=\"qode_icon_font_awesome fa fa-user-md qode_icon_element fa-stack-1x\" style=\"font-size: 25px;color: #ffffff;\" ><\/i><\/a><\/span>[vc_separator type=&#8221;transparent&#8221; up=&#8221;16&#8243; down=&#8221;0&#8243;][vc_column_text]<\/p>\n<h2><a title=\"Consiliere medical\u0103 (Gesundheitliche Beratung)\" href=\"https:\/\/www.prostituiertenschutzgesetz.info\/ro\/consiliere-medicala\/\">Consiliere<br \/>\nmedical\u0103 <\/a><\/h2>\n<p>[\/vc_column_text][vc_separator type=&#8221;small&#8221; position=&#8221;center&#8221; up=&#8221;16&#8243; down=&#8221;12&#8243;][vc_column_text]\u00cenainte de a fi luat\u0103 \u00een eviden\u021b\u0103, trebuie s\u0103 participa\u021bi la o \u0219edin\u021b\u0103 de consiliere medical\u0103. \u0218edin\u021ba de consiliere este organizat\u0103 de cele mai multe ori de serviciul de s\u0103n\u0103tate public\u0103, dar \u00een unele landuri pot fi \u0219i alte autorit\u0103\u021bi care s\u0103 fie competente \u00een acest sens. Pentru aceasta ar fi util s\u0103 v\u0103 interesa\u021bi la serviciul de s\u0103n\u0103tate public\u0103 din locul respectiv. [\/vc_column_text][vc_separator type=&#8221;transparent&#8221; up=&#8221;50&#8243; down=&#8221;0&#8243;][\/vc_column][vc_column width=&#8221;1\/4&#8243; css=&#8221;.vc_custom_1483391731766{padding-right: 20px !important;padding-left: 10px !important;}&#8221;]<span data-type=\"circle\" data-hover-bg-color=\"#006f9e\"  class=\"qode_icon_shortcode fa-stack q_font_awsome_icon_stack fa-3x  \" style=\"font-size: 25px;font-size: 35px; \"><a  itemprop=\"url\" href=\"https:\/\/www.prostituiertenschutzgesetz.info\/ro\/obligativitatea-prezervativului\/\" target=\"_self\"><i class=\"fa fa-circle fa-stack-base fa-stack-2x\" style=\"color: #dd3333;\"><\/i><i class=\"qode_icon_font_awesome fa fa-minus-circle qode_icon_element fa-stack-1x\" style=\"font-size: 25px;color: #ffffff;\" ><\/i><\/a><\/span>[vc_separator type=&#8221;transparent&#8221; up=&#8221;16&#8243; down=&#8221;0&#8243;][vc_column_text]<\/p>\n<h2><a title=\"Obligativitatea prezervativului (Kondompflicht)\" href=\"https:\/\/www.prostituiertenschutzgesetz.info\/ro\/obligativitatea-prezervativului\/\">Obligativitatea<br \/>\nprezervativului <\/a><\/h2>\n<p>[\/vc_column_text][vc_separator type=&#8221;small&#8221; position=&#8221;center&#8221; up=&#8221;16&#8243; down=&#8221;12&#8243;][vc_column_text]La orice contact sexual \u2013 fie c\u0103 este oral, anal sau vaginal \u2013 trebuie folosit prezervativul. Prostituatele au dreptul s\u0103 refuze contactul sexual f\u0103r\u0103 prezervativ. \u00cen localurile de prostitu\u021bie trebuie afi\u0219at faptul c\u0103 folosirea prezervativelor este obligatorie. Clien\u021bii, care nu folosesc prezervative, trebuie s\u0103 pl\u0103teasc\u0103 o amend\u0103. Proprietarii de local \u0219i prostituatele nu au voie s\u0103 fac\u0103 reclam\u0103 pentru contacte sexuale neprotejate. [\/vc_column_text][vc_separator type=&#8221;transparent&#8221; up=&#8221;50&#8243; down=&#8221;0&#8243;][\/vc_column][\/vc_row][vc_row row_type=&#8221;parallax&#8221; parallax_content_width=&#8221;in_grid&#8221; text_align=&#8221;center&#8221; background_image=&#8221;15602&#8243; full_screen_section_height=&#8221;no&#8221; section_height=&#8221;600&#8243;][vc_column css=&#8221;.vc_custom_1483399201854{padding-top: 80px !important;padding-bottom: 80px !important;}&#8221;]<div class=\"container_inner\"><div class=\"call_to_action simple\" style=\"background-color: #006f9e;\"><div class=\"text_wrapper column1\"><div class=\"call_to_action_text \" style=\"\">Informa\u021bii \u00een limba rom\u00e2n\u0103<\/div><a itemprop=\"url\" href=\"https:\/\/www.prostituiertenschutzgesetz.info\/wp-content\/uploads\/prostschg-textbausteine-ro-data.pdf\" class=\"qbutton white \" target=\"_blank\" style=\"\" data-hover-background-color=#ffffff data-hover-border-color=#ffffff data-hover-color=#006f9e>Desc\u0103rca\u021bi ca PDF<\/a><\/div><\/div><\/div>[\/vc_column][\/vc_row][vc_row css_animation=&#8221;&#8221; row_type=&#8221;row&#8221; use_row_as_full_screen_section=&#8221;no&#8221; type=&#8221;grid&#8221; angled_section=&#8221;no&#8221; text_align=&#8221;left&#8221; background_image_as_pattern=&#8221;without_pattern&#8221;][vc_column css=&#8221;.vc_custom_1487445616654{padding-bottom: 70px !important;}&#8221;][vc_row_inner row_type=&#8221;row&#8221; type=&#8221;full_width&#8221; text_align=&#8221;left&#8221; css_animation=&#8221;&#8221;][vc_column_inner css=&#8221;.vc_custom_1498941501420{padding-top: 50px !important;padding-bottom: 100px !important;}&#8221;][vc_column_text]<\/p>\n<h2 style=\"text-align: center; font-size: 2em;\">Harta online<\/h2>\n<p style=\"text-align: center;\">Adresa de c\u0103utare pentru birouri de sanatate, centre de consiliere, de \u00eenregistrare \u0219i Consiliere medical\u0103<\/p>\n<p style=\"text-align: center;\">(p\u00e2n\u0103 \u00een prezent numai \u00een limba german\u0103)<\/p>\n<p>[\/vc_column_text][vc_empty_space][vc_single_image image=&#8221;16045&#8243; img_size=&#8221;full&#8221; alignment=&#8221;center&#8221; style=&#8221;vc_box_shadow_3d&#8221; onclick=&#8221;custom_link&#8221; qode_css_animation=&#8221;&#8221; qode_hover_animation=&#8221;zoom_in&#8221; link=&#8221;https:\/\/www.prostituiertenschutzgesetz.info\/adressen-suche\/&#8221;][\/vc_column_inner][\/vc_row_inner][\/vc_column][\/vc_row]<\/p>\n<\/div>","protected":false},"excerpt":{"rendered":"<p>[vc_row css_animation=&#8221;&#8221; row_type=&#8221;row&#8221; use_row_as_full_screen_section=&#8221;no&#8221; type=&#8221;grid&#8221; header_style=&#8221;dark&#8221; angled_section=&#8221;no&#8221; text_align=&#8221;left&#8221; background_image_as_pattern=&#8221;without_pattern&#8221; background_color=&#8221;#006f9e&#8221;][vc_column css=&#8221;.vc_custom_1483387761610{padding-top: 100px !important;padding-bottom: 100px !important;}&#8221;][vc_row_inner row_type=&#8221;row&#8221; type=&#8221;full_width&#8221; text_align=&#8221;left&#8221; css_animation=&#8221;&#8221;][vc_column_inner][vc_separator type=&#8221;normal&#8221; color=&#8221;rgba(201,212,221,0.25)&#8221; up=&#8221;6&#8243; down=&#8221;3&#8243;][vc_separator type=&#8221;normal&#8221; color=&#8221;rgba(201,212,221,0.25)&#8221; up=&#8221;0&#8243; down=&#8221;0&#8243;][vc_column_text] ProstSchG [\/vc_column_text][vc_separator type=&#8221;normal&#8221; color=&#8221;rgba(201,212,221,0.25)&#8221; up=&#8221;0&#8243; down=&#8221;3&#8243;][vc_separator type=&#8221;normal&#8221; color=&#8221;rgba(201,212,221,0.25)&#8221; up=&#8221;0&#8243; down=&#8221;16&#8243;][vc_column_text] Noua lege de protec\u021bie a prostituatelor Legea de&#8230;<\/p>\n","protected":false},"author":1,"featured_media":0,"parent":0,"menu_order":0,"comment_status":"open","ping_status":"open","template":"full_width.php","meta":{"footnotes":""},"yoast_head":"<!-- This site is optimized with the Yoast SEO plugin v21.9.1 - https:\/\/yoast.com\/wordpress\/plugins\/seo\/ -->\n<title>Protec\u021bie a prostituatelor - Prostituiertenschutzgesetz<\/title>\n<meta name=\"robots\" content=\"index, follow, max-snippet:-1, max-image-preview:large, max-video-preview:-1\" \/>\n<link rel=\"canonical\" href=\"https:\/\/www.prostituiertenschutzgesetz.info\/ro\/\" \/>\n<meta property=\"og:locale\" content=\"ro_RO\" \/>\n<meta property=\"og:type\" content=\"article\" \/>\n<meta property=\"og:title\" content=\"Protec\u021bie a prostituatelor - Prostituiertenschutzgesetz\" \/>\n<meta property=\"og:description\" content=\"[vc_row css_animation=&#8221;&#8221; row_type=&#8221;row&#8221; use_row_as_full_screen_section=&#8221;no&#8221; type=&#8221;grid&#8221; header_style=&#8221;dark&#8221; angled_section=&#8221;no&#8221; text_align=&#8221;left&#8221; background_image_as_pattern=&#8221;without_pattern&#8221; background_color=&#8221;#006f9e&#8221;][vc_column css=&#8221;.vc_custom_1483387761610{padding-top: 100px !important;padding-bottom: 100px !important;}&#8221;][vc_row_inner row_type=&#8221;row&#8221; type=&#8221;full_width&#8221; text_align=&#8221;left&#8221; css_animation=&#8221;&#8221;][vc_column_inner][vc_separator type=&#8221;normal&#8221; color=&#8221;rgba(201,212,221,0.25)&#8221; up=&#8221;6&#8243; down=&#8221;3&#8243;][vc_separator type=&#8221;normal&#8221; color=&#8221;rgba(201,212,221,0.25)&#8221; up=&#8221;0&#8243; down=&#8221;0&#8243;][vc_column_text] ProstSchG [\/vc_column_text][vc_separator type=&#8221;normal&#8221; color=&#8221;rgba(201,212,221,0.25)&#8221; up=&#8221;0&#8243; down=&#8221;3&#8243;][vc_separator type=&#8221;normal&#8221; color=&#8221;rgba(201,212,221,0.25)&#8221; up=&#8221;0&#8243; down=&#8221;16&#8243;][vc_column_text] Noua lege de protec\u021bie a prostituatelor Legea de...\" \/>\n<meta property=\"og:url\" content=\"https:\/\/www.prostituiertenschutzgesetz.info\/ro\/\" \/>\n<meta property=\"og:site_name\" content=\"Prostituiertenschutzgesetz\" \/>\n<meta property=\"article:modified_time\" content=\"2017-07-21T15:47:26+00:00\" \/>\n<meta name=\"twitter:card\" content=\"summary_large_image\" \/>\n<meta name=\"twitter:label1\" content=\"Timp estimat pentru citire\" \/>\n\t<meta name=\"twitter:data1\" content=\"5 minute\" \/>\n<script type=\"application\/ld+json\" class=\"yoast-schema-graph\">{\"@context\":\"https:\/\/schema.org\",\"@graph\":[{\"@type\":\"WebPage\",\"@id\":\"https:\/\/www.prostituiertenschutzgesetz.info\/ro\/\",\"url\":\"https:\/\/www.prostituiertenschutzgesetz.info\/ro\/\",\"name\":\"Protec\u021bie a prostituatelor - Prostituiertenschutzgesetz\",\"isPartOf\":{\"@id\":\"https:\/\/www.prostituiertenschutzgesetz.info\/#website\"},\"datePublished\":\"2017-07-17T21:46:25+00:00\",\"dateModified\":\"2017-07-21T15:47:26+00:00\",\"breadcrumb\":{\"@id\":\"https:\/\/www.prostituiertenschutzgesetz.info\/ro\/#breadcrumb\"},\"inLanguage\":\"ro-RO\",\"potentialAction\":[{\"@type\":\"ReadAction\",\"target\":[\"https:\/\/www.prostituiertenschutzgesetz.info\/ro\/\"]}]},{\"@type\":\"BreadcrumbList\",\"@id\":\"https:\/\/www.prostituiertenschutzgesetz.info\/ro\/#breadcrumb\",\"itemListElement\":[{\"@type\":\"ListItem\",\"position\":1,\"name\":\"Startseite\",\"item\":\"https:\/\/www.prostituiertenschutzgesetz.info\/ro\/\"},{\"@type\":\"ListItem\",\"position\":2,\"name\":\"Protec\u021bie a prostituatelor\"}]},{\"@type\":\"WebSite\",\"@id\":\"https:\/\/www.prostituiertenschutzgesetz.info\/#website\",\"url\":\"https:\/\/www.prostituiertenschutzgesetz.info\/\",\"name\":\"Prostituiertenschutzgesetz\",\"description\":\"Informationen zum ProstSchG\",\"potentialAction\":[{\"@type\":\"SearchAction\",\"target\":{\"@type\":\"EntryPoint\",\"urlTemplate\":\"https:\/\/www.prostituiertenschutzgesetz.info\/?s={search_term_string}\"},\"query-input\":\"required name=search_term_string\"}],\"inLanguage\":\"ro-RO\"}]}<\/script>\n<!-- \/ Yoast SEO plugin. -->","yoast_head_json":{"title":"Protec\u021bie a prostituatelor - Prostituiertenschutzgesetz","robots":{"index":"index","follow":"follow","max-snippet":"max-snippet:-1","max-image-preview":"max-image-preview:large","max-video-preview":"max-video-preview:-1"},"canonical":"https:\/\/www.prostituiertenschutzgesetz.info\/ro\/","og_locale":"ro_RO","og_type":"article","og_title":"Protec\u021bie a prostituatelor - Prostituiertenschutzgesetz","og_description":"[vc_row css_animation=&#8221;&#8221; row_type=&#8221;row&#8221; use_row_as_full_screen_section=&#8221;no&#8221; type=&#8221;grid&#8221; header_style=&#8221;dark&#8221; angled_section=&#8221;no&#8221; text_align=&#8221;left&#8221; background_image_as_pattern=&#8221;without_pattern&#8221; background_color=&#8221;#006f9e&#8221;][vc_column css=&#8221;.vc_custom_1483387761610{padding-top: 100px !important;padding-bottom: 100px !important;}&#8221;][vc_row_inner row_type=&#8221;row&#8221; type=&#8221;full_width&#8221; text_align=&#8221;left&#8221; css_animation=&#8221;&#8221;][vc_column_inner][vc_separator type=&#8221;normal&#8221; color=&#8221;rgba(201,212,221,0.25)&#8221; up=&#8221;6&#8243; down=&#8221;3&#8243;][vc_separator type=&#8221;normal&#8221; color=&#8221;rgba(201,212,221,0.25)&#8221; up=&#8221;0&#8243; down=&#8221;0&#8243;][vc_column_text] ProstSchG [\/vc_column_text][vc_separator type=&#8221;normal&#8221; color=&#8221;rgba(201,212,221,0.25)&#8221; up=&#8221;0&#8243; down=&#8221;3&#8243;][vc_separator type=&#8221;normal&#8221; color=&#8221;rgba(201,212,221,0.25)&#8221; up=&#8221;0&#8243; down=&#8221;16&#8243;][vc_column_text] Noua lege de protec\u021bie a prostituatelor Legea de...","og_url":"https:\/\/www.prostituiertenschutzgesetz.info\/ro\/","og_site_name":"Prostituiertenschutzgesetz","article_modified_time":"2017-07-21T15:47:26+00:00","twitter_card":"summary_large_image","twitter_misc":{"Timp estimat pentru citire":"5 minute"},"schema":{"@context":"https:\/\/schema.org","@graph":[{"@type":"WebPage","@id":"https:\/\/www.prostituiertenschutzgesetz.info\/ro\/","url":"https:\/\/www.prostituiertenschutzgesetz.info\/ro\/","name":"Protec\u021bie a prostituatelor - Prostituiertenschutzgesetz","isPartOf":{"@id":"https:\/\/www.prostituiertenschutzgesetz.info\/#website"},"datePublished":"2017-07-17T21:46:25+00:00","dateModified":"2017-07-21T15:47:26+00:00","breadcrumb":{"@id":"https:\/\/www.prostituiertenschutzgesetz.info\/ro\/#breadcrumb"},"inLanguage":"ro-RO","potentialAction":[{"@type":"ReadAction","target":["https:\/\/www.prostituiertenschutzgesetz.info\/ro\/"]}]},{"@type":"BreadcrumbList","@id":"https:\/\/www.prostituiertenschutzgesetz.info\/ro\/#breadcrumb","itemListElement":[{"@type":"ListItem","position":1,"name":"Startseite","item":"https:\/\/www.prostituiertenschutzgesetz.info\/ro\/"},{"@type":"ListItem","position":2,"name":"Protec\u021bie a prostituatelor"}]},{"@type":"WebSite","@id":"https:\/\/www.prostituiertenschutzgesetz.info\/#website","url":"https:\/\/www.prostituiertenschutzgesetz.info\/","name":"Prostituiertenschutzgesetz","description":"Informationen zum ProstSchG","potentialAction":[{"@type":"SearchAction","target":{"@type":"EntryPoint","urlTemplate":"https:\/\/www.prostituiertenschutzgesetz.info\/?s={search_term_string}"},"query-input":"required name=search_term_string"}],"inLanguage":"ro-RO"}]}},"_links":{"self":[{"href":"https:\/\/www.prostituiertenschutzgesetz.info\/ro\/wp-json\/wp\/v2\/pages\/16236"}],"collection":[{"href":"https:\/\/www.prostituiertenschutzgesetz.info\/ro\/wp-json\/wp\/v2\/pages"}],"about":[{"href":"https:\/\/www.prostituiertenschutzgesetz.info\/ro\/wp-json\/wp\/v2\/types\/page"}],"author":[{"embeddable":true,"href":"https:\/\/www.prostituiertenschutzgesetz.info\/ro\/wp-json\/wp\/v2\/users\/1"}],"replies":[{"embeddable":true,"href":"https:\/\/www.prostituiertenschutzgesetz.info\/ro\/wp-json\/wp\/v2\/comments?post=16236"}],"version-history":[{"count":0,"href":"https:\/\/www.prostituiertenschutzgesetz.info\/ro\/wp-json\/wp\/v2\/pages\/16236\/revisions"}],"wp:attachment":[{"href":"https:\/\/www.prostituiertenschutzgesetz.info\/ro\/wp-json\/wp\/v2\/media?parent=16236"}],"curies":[{"name":"wp","href":"https:\/\/api.w.org\/{rel}","templated":true}]}}