{"id":16249,"date":"2017-07-17T23:28:45","date_gmt":"2017-07-17T21:28:45","guid":{"rendered":"https:\/\/www.prostituiertenschutzgesetz.info\/?page_id=16249\/"},"modified":"2017-07-17T23:28:45","modified_gmt":"2017-07-17T21:28:45","slug":"consiliere-medicala","status":"publish","type":"page","link":"https:\/\/www.prostituiertenschutzgesetz.info\/ro\/consiliere-medicala\/","title":{"rendered":"Consiliere medical\u0103"},"content":{"rendered":"<div class=\"wpb-content-wrapper\"><p>[vc_row css_animation=&#8221;&#8221; row_type=&#8221;row&#8221; use_row_as_full_screen_section=&#8221;no&#8221; type=&#8221;grid&#8221; angled_section=&#8221;no&#8221; text_align=&#8221;left&#8221; background_image_as_pattern=&#8221;without_pattern&#8221; padding_bottom=&#8221;100&#8243; css=&#8221;.vc_custom_1469741190139{padding-bottom: 76px !important;}&#8221;][vc_column][vc_column_text]<\/p>\n<h2>Consiliere medical\u0103 (Gesundheitliche Beratung)<\/h2>\n<p>&nbsp;<\/p>\n<p>\u00cenainte de a fi luat\u0103 \u00een eviden\u021b\u0103, trebuie s\u0103 participa\u021bi la o \u0219edin\u021b\u0103 de consiliere medical\u0103. \u0218edin\u021ba de consiliere este organizat\u0103 de cele mai multe ori de serviciul de s\u0103n\u0103tate public\u0103, dar \u00een unele landuri pot fi \u0219i alte autorit\u0103\u021bi care s\u0103 fie competente \u00een acest sens. Pentru aceasta ar fi util s\u0103 v\u0103 interesa\u021bi la serviciul de s\u0103n\u0103tate public\u0103 din locul respectiv.<\/p>\n<p>La \u0219edin\u021ba de consiliere medical\u0103 este vorba \u00een special despre preven\u021bia \u00eempotriva bolilor, de sarcin\u0103 \u0219i de m\u0103surile contraceptive precum \u0219i de riscurile asociate consumului de alcool \u0219i droguri. Important: Discu\u021bia este confiden\u021bial\u0103 \u0219i nu se transmit informa\u021bii mai departe. Se poate discuta \u015fi despre alte lucruri, de ex. c\u00e2nd persoana nu se poate descurca singur\u0103 \u0219i are nevoie de ajutor sau de un sfat. Dac\u0103 prostituata nu vorbe\u0219te dec\u00e2t pu\u021bin sau deloc german\u0103, poate s\u0103 asiste \u0219i alt\u0103 persoan\u0103, care s\u0103 traduc\u0103 \u2013 dar numai dac\u0103 autoritatea sau persoana consiliat\u0103 accept\u0103 acest lucru. Chiar \u0219i atunci discu\u021bia r\u0103m\u00e2ne confiden\u021bial\u0103.<\/p>\n<p>Dup\u0103 consilierea medical\u0103 se ob\u021bine un certificat de consiliere medical\u0103, care este emis cu numele \u0219i prenumele persoanei. Acest certificat de consiliere medical\u0103 este necesar la \u00eenregistrare. Consilierea medical\u0103 trebuie repetat\u0103 la fiecare doisprezece luni. Prostituatele, care au sub 21 de ani, trebuie s\u0103 repete consilierea la fiecare \u0219a\u0219e luni.<\/p>\n<p>\u0218i acest certificat de consiliere medical\u0103 trebuie \u021binut la purt\u0103tor la munc\u0103. Cine dore\u0219te, poate solicita ca pe acest certificat de consiliere medical\u0103 s\u0103 nu fie trecut numele real, ci se poate ob\u021bine un certificat suplimentar de consiliere medical\u0103 cu un nume alias. Numele de pe certificatul de consiliere medical\u0103 trebuie s\u0103 fie acela\u0219i ca cel de pe dovada de \u00eenregistrare.[\/vc_column_text][\/vc_column][\/vc_row]<\/p>\n<\/div>","protected":false},"excerpt":{"rendered":"<p>[vc_row css_animation=&#8221;&#8221; row_type=&#8221;row&#8221; use_row_as_full_screen_section=&#8221;no&#8221; type=&#8221;grid&#8221; angled_section=&#8221;no&#8221; text_align=&#8221;left&#8221; background_image_as_pattern=&#8221;without_pattern&#8221; padding_bottom=&#8221;100&#8243; css=&#8221;.vc_custom_1469741190139{padding-bottom: 76px !important;}&#8221;][vc_column][vc_column_text] Consiliere medical\u0103 (Gesundheitliche Beratung) &nbsp; \u00cenainte de a fi luat\u0103 \u00een eviden\u021b\u0103, trebuie s\u0103 participa\u021bi la o \u0219edin\u021b\u0103 de consiliere medical\u0103. \u0218edin\u021ba de consiliere este organizat\u0103 de cele mai multe ori de serviciul&#8230;<\/p>\n","protected":false},"author":1,"featured_media":0,"parent":0,"menu_order":0,"comment_status":"closed","ping_status":"closed","template":"","meta":{"footnotes":""},"yoast_head":"<!-- This site is optimized with the Yoast SEO plugin v21.9.1 - https:\/\/yoast.com\/wordpress\/plugins\/seo\/ -->\n<title>Consiliere medical\u0103 - Prostituiertenschutzgesetz<\/title>\n<meta name=\"robots\" content=\"index, follow, max-snippet:-1, max-image-preview:large, max-video-preview:-1\" \/>\n<link rel=\"canonical\" href=\"https:\/\/www.prostituiertenschutzgesetz.info\/gesundheitsberatung-fuer-prostituierte\/\" \/>\n<meta property=\"og:locale\" content=\"ro_RO\" \/>\n<meta property=\"og:type\" content=\"article\" \/>\n<meta property=\"og:title\" content=\"Consiliere medical\u0103 - Prostituiertenschutzgesetz\" \/>\n<meta property=\"og:description\" content=\"[vc_row css_animation=&#8221;&#8221; row_type=&#8221;row&#8221; use_row_as_full_screen_section=&#8221;no&#8221; type=&#8221;grid&#8221; angled_section=&#8221;no&#8221; text_align=&#8221;left&#8221; background_image_as_pattern=&#8221;without_pattern&#8221; padding_bottom=&#8221;100&#8243; css=&#8221;.vc_custom_1469741190139{padding-bottom: 76px !important;}&#8221;][vc_column][vc_column_text] Consiliere medical\u0103 (Gesundheitliche Beratung) &nbsp; \u00cenainte de a fi luat\u0103 \u00een eviden\u021b\u0103, trebuie s\u0103 participa\u021bi la o \u0219edin\u021b\u0103 de consiliere medical\u0103. \u0218edin\u021ba de consiliere este organizat\u0103 de cele mai multe ori de serviciul...\" \/>\n<meta property=\"og:url\" content=\"https:\/\/www.prostituiertenschutzgesetz.info\/gesundheitsberatung-fuer-prostituierte\/\" \/>\n<meta property=\"og:site_name\" content=\"Prostituiertenschutzgesetz\" \/>\n<meta name=\"twitter:card\" content=\"summary_large_image\" \/>\n<meta name=\"twitter:label1\" content=\"Timp estimat pentru citire\" \/>\n\t<meta name=\"twitter:data1\" content=\"2 minute\" \/>\n<script type=\"application\/ld+json\" class=\"yoast-schema-graph\">{\"@context\":\"https:\/\/schema.org\",\"@graph\":[{\"@type\":\"WebPage\",\"@id\":\"https:\/\/www.prostituiertenschutzgesetz.info\/gesundheitsberatung-fuer-prostituierte\/\",\"url\":\"https:\/\/www.prostituiertenschutzgesetz.info\/gesundheitsberatung-fuer-prostituierte\/\",\"name\":\"Consiliere medical\u0103 - Prostituiertenschutzgesetz\",\"isPartOf\":{\"@id\":\"https:\/\/www.prostituiertenschutzgesetz.info\/#website\"},\"datePublished\":\"2017-07-17T21:28:45+00:00\",\"dateModified\":\"2017-07-17T21:28:45+00:00\",\"breadcrumb\":{\"@id\":\"https:\/\/www.prostituiertenschutzgesetz.info\/gesundheitsberatung-fuer-prostituierte\/#breadcrumb\"},\"inLanguage\":\"ro-RO\",\"potentialAction\":[{\"@type\":\"ReadAction\",\"target\":[\"https:\/\/www.prostituiertenschutzgesetz.info\/gesundheitsberatung-fuer-prostituierte\/\"]}]},{\"@type\":\"BreadcrumbList\",\"@id\":\"https:\/\/www.prostituiertenschutzgesetz.info\/gesundheitsberatung-fuer-prostituierte\/#breadcrumb\",\"itemListElement\":[{\"@type\":\"ListItem\",\"position\":1,\"name\":\"Startseite\",\"item\":\"https:\/\/www.prostituiertenschutzgesetz.info\/ro\/\"},{\"@type\":\"ListItem\",\"position\":2,\"name\":\"Consiliere medical\u0103\"}]},{\"@type\":\"WebSite\",\"@id\":\"https:\/\/www.prostituiertenschutzgesetz.info\/#website\",\"url\":\"https:\/\/www.prostituiertenschutzgesetz.info\/\",\"name\":\"Prostituiertenschutzgesetz\",\"description\":\"Informationen zum ProstSchG\",\"potentialAction\":[{\"@type\":\"SearchAction\",\"target\":{\"@type\":\"EntryPoint\",\"urlTemplate\":\"https:\/\/www.prostituiertenschutzgesetz.info\/?s={search_term_string}\"},\"query-input\":\"required name=search_term_string\"}],\"inLanguage\":\"ro-RO\"}]}<\/script>\n<!-- \/ Yoast SEO plugin. -->","yoast_head_json":{"title":"Consiliere medical\u0103 - Prostituiertenschutzgesetz","robots":{"index":"index","follow":"follow","max-snippet":"max-snippet:-1","max-image-preview":"max-image-preview:large","max-video-preview":"max-video-preview:-1"},"canonical":"https:\/\/www.prostituiertenschutzgesetz.info\/gesundheitsberatung-fuer-prostituierte\/","og_locale":"ro_RO","og_type":"article","og_title":"Consiliere medical\u0103 - Prostituiertenschutzgesetz","og_description":"[vc_row css_animation=&#8221;&#8221; row_type=&#8221;row&#8221; use_row_as_full_screen_section=&#8221;no&#8221; type=&#8221;grid&#8221; angled_section=&#8221;no&#8221; text_align=&#8221;left&#8221; background_image_as_pattern=&#8221;without_pattern&#8221; padding_bottom=&#8221;100&#8243; css=&#8221;.vc_custom_1469741190139{padding-bottom: 76px !important;}&#8221;][vc_column][vc_column_text] Consiliere medical\u0103 (Gesundheitliche Beratung) &nbsp; \u00cenainte de a fi luat\u0103 \u00een eviden\u021b\u0103, trebuie s\u0103 participa\u021bi la o \u0219edin\u021b\u0103 de consiliere medical\u0103. \u0218edin\u021ba de consiliere este organizat\u0103 de cele mai multe ori de serviciul...","og_url":"https:\/\/www.prostituiertenschutzgesetz.info\/gesundheitsberatung-fuer-prostituierte\/","og_site_name":"Prostituiertenschutzgesetz","twitter_card":"summary_large_image","twitter_misc":{"Timp estimat pentru citire":"2 minute"},"schema":{"@context":"https:\/\/schema.org","@graph":[{"@type":"WebPage","@id":"https:\/\/www.prostituiertenschutzgesetz.info\/gesundheitsberatung-fuer-prostituierte\/","url":"https:\/\/www.prostituiertenschutzgesetz.info\/gesundheitsberatung-fuer-prostituierte\/","name":"Consiliere medical\u0103 - Prostituiertenschutzgesetz","isPartOf":{"@id":"https:\/\/www.prostituiertenschutzgesetz.info\/#website"},"datePublished":"2017-07-17T21:28:45+00:00","dateModified":"2017-07-17T21:28:45+00:00","breadcrumb":{"@id":"https:\/\/www.prostituiertenschutzgesetz.info\/gesundheitsberatung-fuer-prostituierte\/#breadcrumb"},"inLanguage":"ro-RO","potentialAction":[{"@type":"ReadAction","target":["https:\/\/www.prostituiertenschutzgesetz.info\/gesundheitsberatung-fuer-prostituierte\/"]}]},{"@type":"BreadcrumbList","@id":"https:\/\/www.prostituiertenschutzgesetz.info\/gesundheitsberatung-fuer-prostituierte\/#breadcrumb","itemListElement":[{"@type":"ListItem","position":1,"name":"Startseite","item":"https:\/\/www.prostituiertenschutzgesetz.info\/ro\/"},{"@type":"ListItem","position":2,"name":"Consiliere medical\u0103"}]},{"@type":"WebSite","@id":"https:\/\/www.prostituiertenschutzgesetz.info\/#website","url":"https:\/\/www.prostituiertenschutzgesetz.info\/","name":"Prostituiertenschutzgesetz","description":"Informationen zum ProstSchG","potentialAction":[{"@type":"SearchAction","target":{"@type":"EntryPoint","urlTemplate":"https:\/\/www.prostituiertenschutzgesetz.info\/?s={search_term_string}"},"query-input":"required name=search_term_string"}],"inLanguage":"ro-RO"}]}},"_links":{"self":[{"href":"https:\/\/www.prostituiertenschutzgesetz.info\/ro\/wp-json\/wp\/v2\/pages\/16249"}],"collection":[{"href":"https:\/\/www.prostituiertenschutzgesetz.info\/ro\/wp-json\/wp\/v2\/pages"}],"about":[{"href":"https:\/\/www.prostituiertenschutzgesetz.info\/ro\/wp-json\/wp\/v2\/types\/page"}],"author":[{"embeddable":true,"href":"https:\/\/www.prostituiertenschutzgesetz.info\/ro\/wp-json\/wp\/v2\/users\/1"}],"replies":[{"embeddable":true,"href":"https:\/\/www.prostituiertenschutzgesetz.info\/ro\/wp-json\/wp\/v2\/comments?post=16249"}],"version-history":[{"count":0,"href":"https:\/\/www.prostituiertenschutzgesetz.info\/ro\/wp-json\/wp\/v2\/pages\/16249\/revisions"}],"wp:attachment":[{"href":"https:\/\/www.prostituiertenschutzgesetz.info\/ro\/wp-json\/wp\/v2\/media?parent=16249"}],"curies":[{"name":"wp","href":"https:\/\/api.w.org\/{rel}","templated":true}]}}