{"id":16254,"date":"2017-07-17T23:37:11","date_gmt":"2017-07-17T21:37:11","guid":{"rendered":"https:\/\/www.prostituiertenschutzgesetz.info\/?page_id=16254\/"},"modified":"2017-07-17T23:37:11","modified_gmt":"2017-07-17T21:37:11","slug":"licenta-pentru-activitatea-de-prostitutie","status":"publish","type":"page","link":"https:\/\/www.prostituiertenschutzgesetz.info\/ro\/licenta-pentru-activitatea-de-prostitutie\/","title":{"rendered":"Licen\u021ba pentru activitatea de prostitu\u021bie"},"content":{"rendered":"<div class=\"wpb-content-wrapper\"><p>[vc_row css_animation=&#8221;&#8221; row_type=&#8221;row&#8221; use_row_as_full_screen_section=&#8221;no&#8221; type=&#8221;grid&#8221; angled_section=&#8221;no&#8221; text_align=&#8221;left&#8221; background_image_as_pattern=&#8221;without_pattern&#8221; padding_bottom=&#8221;100&#8243; css=&#8221;.vc_custom_1469741190139{padding-bottom: 76px !important;}&#8221;][vc_column][vc_column_text]<\/p>\n<h2>Licen\u021ba pentru activitatea de prostitu\u021bie (Erlaubnis f\u00fcr Prostitutionsgewerbe)<\/h2>\n<p>&nbsp;<\/p>\n<p>Cei care de\u021bin un local de prostitu\u021bie, au nevoie de o licen\u021b\u0103. Localurile de prostitu\u021bie, sunt de exemplu bordelurile \u0219i amenaj\u0103rile similare (de ex. cluburi cu saun\u0103 \u0219i pentru nudism, locuin\u021bele de prostitu\u021bie sau \u201elocuin\u021bele model\u201c), vehiculele de prostitu\u021bie (de ex. love-mobile), organizatorii de manifest\u0103ri de prostitu\u021bie (de ex. petreceri de sex ) \u0219i intermediarii de prostitu\u021bie (de ex. agen\u021bii de escorte).<\/p>\n<p>Chiar \u0219i atunci c\u00e2nd prostituatele lucreaz\u0103 \u00eempreun\u0103 cu una sau mai multe colege \u00een acela\u0219i apartament \u2013 \u00een mod regulat sau ocazional \u2013, aceast\u0103 locuin\u021b\u0103 este considerat\u0103 de regul\u0103 un local de prostitu\u021bie. \u00cen acest caz trebuie ob\u021binut\u0103 o licen\u021b\u0103, iar obliga\u021biile de\u021bin\u0103torului localului de prostitu\u021bie trebuie preluate de o persoan\u0103.<\/p>\n<p>Pentru licen\u021biere autorit\u0103\u021bile verific\u0103, dac\u0103 persoana prezint\u0103 suficient\u0103 \u00eencredere, pentru a de\u021bine un local de prostitu\u021bie. Localurile trebuie s\u0103 r\u0103spund\u0103 cerin\u021belor legale. De ex. trebuie s\u0103 existe amenajate spa\u021bii sanitare adecvate pentru prostituate \u0219i pentru clien\u021bi. \u00cenc\u0103perile, \u00een care se presteaz\u0103 serviciile sexuale, trebuie s\u0103 aib\u0103 posibilitatea de a da un apel de urgen\u021b\u0103, iar \u00eenc\u0103perile de lucru nu trebuie s\u0103 aib\u0103 \u0219i destina\u021bia de dormitor sau de camer\u0103 de locuit. Pentru localurile de prostitu\u021bie amenajate \u00een locuin\u021be, autorit\u0103\u021bile pot face unele excep\u021bii pentru unele cerin\u021be.<\/p>\n<p>Dac\u0103 exist\u0103 indicii, c\u0103 \u00een asemenea localuri pot fi exploata\u021bi oameni, nu se acord\u0103 licen\u021b\u0103, sau aceasta poate fi retras\u0103. Pentru acordarea licen\u021bei trebuie prezentat \u0219i un concept de activitate. Prostituatele au dreptul de a consulta acest concept de activitate. Cu aceast\u0103 ocazie, afl\u0103 dac\u0103 localul este licen\u021biat \u0219i dac\u0103 sunt \u00eendeplinite cerin\u021bele legale.<\/p>\n<p>Cei care exploateaz\u0103 localul, trebuie s\u0103 aib\u0103 grij\u0103 s\u0103 fie asigurat\u0103 securitatea prostituatelor, a clien\u021bilor \u0219i a altor persoane care activeaz\u0103 acolo. Prostituatele au dreptul ca \u00eenc\u0103perile de lucru s\u0103 fie dotate cu prezervative, lubrifiant etc.<\/p>\n<p>Proprietarii de local au voie s\u0103 lucreze doar cu prostituate care de\u021bin o dovad\u0103 de \u00eenregistrare valabil\u0103. Totodat\u0103 prostituatele trebuie s\u0103 aib\u0103 oric\u00e2nd posibilitatea, s\u0103 fie consiliate \u2013 chiar \u0219i pe parcursul orelor de lucru. Prostituatele pot avea preten\u021bia, ca contractele de munc\u0103 \u0219i alte contracte s\u0103 fie f\u0103cute \u00een scris. Aceast\u0103 preten\u021bie e valabil\u0103 \u0219i pentru dovezile de plat\u0103, de ex. pentru chirie. Proprietarii de local nu au voie s\u0103 pretind\u0103 o chirie exagerat de mare (chirie de specul\u0103) \u0219i nu pot solicita pre\u021buri exagerat de mari pentru prostituate.[\/vc_column_text][vc_empty_space][vc_column_text]<\/p>\n<h2>Interdic\u021bia de a obliga (Weisungsverbot)<\/h2>\n<p>&nbsp;<\/p>\n<p>Legea protejeaz\u0103 prostituatele \u0219i dreptul lor de autodeterminare sexual\u0103 prin a\u0219a numita interdic\u021bie de a obliga. Aceasta prevede, ca de\u021bin\u0103torii de localuri de prostitu\u021bie s\u0103 nu aib\u0103 voie s\u0103 le prescrie, cum \u0219i \u00een ce m\u0103sur\u0103 prostituatele s\u0103 presteze serviciile sexuale. Aceste lucruri se stabilesc exclusiv \u00eentre prostituate \u0219i clien\u021bii lor. Astfel rezult\u0103, c\u0103 \u0219i pre\u021burile se stabilesc de comun acord de prostituate cu clien\u021bii. Prostituatele nu au voie s\u0103 fie \u00eengr\u0103dite \u00een privin\u021ba drepturilor lor personale. Astfel ele nu pot fi obligate s\u0103 lucreze dezbr\u0103cate complet, \u0219i nu e voie s\u0103 li se ia documentele.[\/vc_column_text][\/vc_column][\/vc_row][vc_row css_animation=&#8221;&#8221; row_type=&#8221;row&#8221; use_row_as_full_screen_section=&#8221;no&#8221; type=&#8221;grid&#8221; angled_section=&#8221;no&#8221; text_align=&#8221;left&#8221; background_image_as_pattern=&#8221;without_pattern&#8221; padding_bottom=&#8221;100&#8243; css=&#8221;.vc_custom_1469741190139{padding-bottom: 76px !important;}&#8221;][vc_column][vc_column_text]<\/p>\n<h2>Subordonare limitat\u0103 (Eingeschr\u00e4nktes Weisungsrecht)<\/h2>\n<p>&nbsp;<\/p>\n<p>Proprietarii unui local de prostitu\u021bie au voie s\u0103 stabileasc\u0103 \u00een contractul de munc\u0103, c\u00e2nd \u0219i unde s\u0103 lucreze prostituatele. Ei pot stabili de exemplu \u0219i reguli de folosire a \u00eenc\u0103perilor. Ei nu au voie \u00eens\u0103 s\u0103 oblige prostituatele, cu cine \u0219i cum s\u0103 presteze serviciile sexuale. Aceasta se nume\u0219te \u201esubordonare limitat\u0103\u201c.<\/p>\n<p>Prostituatele au \u00eentotdeauna dreptul s\u0103 refuze sau s\u0103 \u00eentrerup\u0103 o presta\u021bie sexual\u0103, chiar dac\u0103 aceasta a fost astfel convenit\u0103 \u00een prealabil. Clientul n-are voie s-o solicite, \u00eens\u0103 nici nu trebuie s-o pl\u0103teasc\u0103, dac\u0103 nu a fost prestat\u0103.[\/vc_column_text][\/vc_column][\/vc_row]<\/p>\n<\/div>","protected":false},"excerpt":{"rendered":"<p>[vc_row css_animation=&#8221;&#8221; row_type=&#8221;row&#8221; use_row_as_full_screen_section=&#8221;no&#8221; type=&#8221;grid&#8221; angled_section=&#8221;no&#8221; text_align=&#8221;left&#8221; background_image_as_pattern=&#8221;without_pattern&#8221; padding_bottom=&#8221;100&#8243; css=&#8221;.vc_custom_1469741190139{padding-bottom: 76px !important;}&#8221;][vc_column][vc_column_text] Licen\u021ba pentru activitatea de prostitu\u021bie (Erlaubnis f\u00fcr Prostitutionsgewerbe) &nbsp; Cei care de\u021bin un local de prostitu\u021bie, au nevoie de o licen\u021b\u0103. Localurile de prostitu\u021bie, sunt de exemplu bordelurile \u0219i amenaj\u0103rile similare (de ex&#8230;.<\/p>\n","protected":false},"author":1,"featured_media":0,"parent":0,"menu_order":0,"comment_status":"closed","ping_status":"closed","template":"","meta":{"footnotes":""},"yoast_head":"<!-- This site is optimized with the Yoast SEO plugin v21.9.1 - https:\/\/yoast.com\/wordpress\/plugins\/seo\/ -->\n<title>Licen\u021ba pentru activitatea de prostitu\u021bie - Prostituiertenschutzgesetz<\/title>\n<meta name=\"robots\" content=\"index, follow, max-snippet:-1, max-image-preview:large, max-video-preview:-1\" \/>\n<link rel=\"canonical\" href=\"https:\/\/www.prostituiertenschutzgesetz.info\/erlaubnispflicht-fuer-prostitutionsgewerbe\/\" \/>\n<meta property=\"og:locale\" content=\"ro_RO\" \/>\n<meta property=\"og:type\" content=\"article\" \/>\n<meta property=\"og:title\" content=\"Licen\u021ba pentru activitatea de prostitu\u021bie - Prostituiertenschutzgesetz\" \/>\n<meta property=\"og:description\" content=\"[vc_row css_animation=&#8221;&#8221; row_type=&#8221;row&#8221; use_row_as_full_screen_section=&#8221;no&#8221; type=&#8221;grid&#8221; angled_section=&#8221;no&#8221; text_align=&#8221;left&#8221; background_image_as_pattern=&#8221;without_pattern&#8221; padding_bottom=&#8221;100&#8243; css=&#8221;.vc_custom_1469741190139{padding-bottom: 76px !important;}&#8221;][vc_column][vc_column_text] Licen\u021ba pentru activitatea de prostitu\u021bie (Erlaubnis f\u00fcr Prostitutionsgewerbe) &nbsp; Cei care de\u021bin un local de prostitu\u021bie, au nevoie de o licen\u021b\u0103. Localurile de prostitu\u021bie, sunt de exemplu bordelurile \u0219i amenaj\u0103rile similare (de ex....\" \/>\n<meta property=\"og:url\" content=\"https:\/\/www.prostituiertenschutzgesetz.info\/erlaubnispflicht-fuer-prostitutionsgewerbe\/\" \/>\n<meta property=\"og:site_name\" content=\"Prostituiertenschutzgesetz\" \/>\n<meta name=\"twitter:card\" content=\"summary_large_image\" \/>\n<meta name=\"twitter:label1\" content=\"Timp estimat pentru citire\" \/>\n\t<meta name=\"twitter:data1\" content=\"4 minute\" \/>\n<script type=\"application\/ld+json\" class=\"yoast-schema-graph\">{\"@context\":\"https:\/\/schema.org\",\"@graph\":[{\"@type\":\"WebPage\",\"@id\":\"https:\/\/www.prostituiertenschutzgesetz.info\/erlaubnispflicht-fuer-prostitutionsgewerbe\/\",\"url\":\"https:\/\/www.prostituiertenschutzgesetz.info\/erlaubnispflicht-fuer-prostitutionsgewerbe\/\",\"name\":\"Licen\u021ba pentru activitatea de prostitu\u021bie - Prostituiertenschutzgesetz\",\"isPartOf\":{\"@id\":\"https:\/\/www.prostituiertenschutzgesetz.info\/#website\"},\"datePublished\":\"2017-07-17T21:37:11+00:00\",\"dateModified\":\"2017-07-17T21:37:11+00:00\",\"breadcrumb\":{\"@id\":\"https:\/\/www.prostituiertenschutzgesetz.info\/erlaubnispflicht-fuer-prostitutionsgewerbe\/#breadcrumb\"},\"inLanguage\":\"ro-RO\",\"potentialAction\":[{\"@type\":\"ReadAction\",\"target\":[\"https:\/\/www.prostituiertenschutzgesetz.info\/erlaubnispflicht-fuer-prostitutionsgewerbe\/\"]}]},{\"@type\":\"BreadcrumbList\",\"@id\":\"https:\/\/www.prostituiertenschutzgesetz.info\/erlaubnispflicht-fuer-prostitutionsgewerbe\/#breadcrumb\",\"itemListElement\":[{\"@type\":\"ListItem\",\"position\":1,\"name\":\"Startseite\",\"item\":\"https:\/\/www.prostituiertenschutzgesetz.info\/ro\/\"},{\"@type\":\"ListItem\",\"position\":2,\"name\":\"Licen\u021ba pentru activitatea de prostitu\u021bie\"}]},{\"@type\":\"WebSite\",\"@id\":\"https:\/\/www.prostituiertenschutzgesetz.info\/#website\",\"url\":\"https:\/\/www.prostituiertenschutzgesetz.info\/\",\"name\":\"Prostituiertenschutzgesetz\",\"description\":\"Informationen zum ProstSchG\",\"potentialAction\":[{\"@type\":\"SearchAction\",\"target\":{\"@type\":\"EntryPoint\",\"urlTemplate\":\"https:\/\/www.prostituiertenschutzgesetz.info\/?s={search_term_string}\"},\"query-input\":\"required name=search_term_string\"}],\"inLanguage\":\"ro-RO\"}]}<\/script>\n<!-- \/ Yoast SEO plugin. -->","yoast_head_json":{"title":"Licen\u021ba pentru activitatea de prostitu\u021bie - Prostituiertenschutzgesetz","robots":{"index":"index","follow":"follow","max-snippet":"max-snippet:-1","max-image-preview":"max-image-preview:large","max-video-preview":"max-video-preview:-1"},"canonical":"https:\/\/www.prostituiertenschutzgesetz.info\/erlaubnispflicht-fuer-prostitutionsgewerbe\/","og_locale":"ro_RO","og_type":"article","og_title":"Licen\u021ba pentru activitatea de prostitu\u021bie - Prostituiertenschutzgesetz","og_description":"[vc_row css_animation=&#8221;&#8221; row_type=&#8221;row&#8221; use_row_as_full_screen_section=&#8221;no&#8221; type=&#8221;grid&#8221; angled_section=&#8221;no&#8221; text_align=&#8221;left&#8221; background_image_as_pattern=&#8221;without_pattern&#8221; padding_bottom=&#8221;100&#8243; css=&#8221;.vc_custom_1469741190139{padding-bottom: 76px !important;}&#8221;][vc_column][vc_column_text] Licen\u021ba pentru activitatea de prostitu\u021bie (Erlaubnis f\u00fcr Prostitutionsgewerbe) &nbsp; Cei care de\u021bin un local de prostitu\u021bie, au nevoie de o licen\u021b\u0103. Localurile de prostitu\u021bie, sunt de exemplu bordelurile \u0219i amenaj\u0103rile similare (de ex....","og_url":"https:\/\/www.prostituiertenschutzgesetz.info\/erlaubnispflicht-fuer-prostitutionsgewerbe\/","og_site_name":"Prostituiertenschutzgesetz","twitter_card":"summary_large_image","twitter_misc":{"Timp estimat pentru citire":"4 minute"},"schema":{"@context":"https:\/\/schema.org","@graph":[{"@type":"WebPage","@id":"https:\/\/www.prostituiertenschutzgesetz.info\/erlaubnispflicht-fuer-prostitutionsgewerbe\/","url":"https:\/\/www.prostituiertenschutzgesetz.info\/erlaubnispflicht-fuer-prostitutionsgewerbe\/","name":"Licen\u021ba pentru activitatea de prostitu\u021bie - Prostituiertenschutzgesetz","isPartOf":{"@id":"https:\/\/www.prostituiertenschutzgesetz.info\/#website"},"datePublished":"2017-07-17T21:37:11+00:00","dateModified":"2017-07-17T21:37:11+00:00","breadcrumb":{"@id":"https:\/\/www.prostituiertenschutzgesetz.info\/erlaubnispflicht-fuer-prostitutionsgewerbe\/#breadcrumb"},"inLanguage":"ro-RO","potentialAction":[{"@type":"ReadAction","target":["https:\/\/www.prostituiertenschutzgesetz.info\/erlaubnispflicht-fuer-prostitutionsgewerbe\/"]}]},{"@type":"BreadcrumbList","@id":"https:\/\/www.prostituiertenschutzgesetz.info\/erlaubnispflicht-fuer-prostitutionsgewerbe\/#breadcrumb","itemListElement":[{"@type":"ListItem","position":1,"name":"Startseite","item":"https:\/\/www.prostituiertenschutzgesetz.info\/ro\/"},{"@type":"ListItem","position":2,"name":"Licen\u021ba pentru activitatea de prostitu\u021bie"}]},{"@type":"WebSite","@id":"https:\/\/www.prostituiertenschutzgesetz.info\/#website","url":"https:\/\/www.prostituiertenschutzgesetz.info\/","name":"Prostituiertenschutzgesetz","description":"Informationen zum ProstSchG","potentialAction":[{"@type":"SearchAction","target":{"@type":"EntryPoint","urlTemplate":"https:\/\/www.prostituiertenschutzgesetz.info\/?s={search_term_string}"},"query-input":"required name=search_term_string"}],"inLanguage":"ro-RO"}]}},"_links":{"self":[{"href":"https:\/\/www.prostituiertenschutzgesetz.info\/ro\/wp-json\/wp\/v2\/pages\/16254"}],"collection":[{"href":"https:\/\/www.prostituiertenschutzgesetz.info\/ro\/wp-json\/wp\/v2\/pages"}],"about":[{"href":"https:\/\/www.prostituiertenschutzgesetz.info\/ro\/wp-json\/wp\/v2\/types\/page"}],"author":[{"embeddable":true,"href":"https:\/\/www.prostituiertenschutzgesetz.info\/ro\/wp-json\/wp\/v2\/users\/1"}],"replies":[{"embeddable":true,"href":"https:\/\/www.prostituiertenschutzgesetz.info\/ro\/wp-json\/wp\/v2\/comments?post=16254"}],"version-history":[{"count":0,"href":"https:\/\/www.prostituiertenschutzgesetz.info\/ro\/wp-json\/wp\/v2\/pages\/16254\/revisions"}],"wp:attachment":[{"href":"https:\/\/www.prostituiertenschutzgesetz.info\/ro\/wp-json\/wp\/v2\/media?parent=16254"}],"curies":[{"name":"wp","href":"https:\/\/api.w.org\/{rel}","templated":true}]}}