{"id":16266,"date":"2017-07-17T23:56:09","date_gmt":"2017-07-17T21:56:09","guid":{"rendered":"https:\/\/www.prostituiertenschutzgesetz.info\/?page_id=16266\/"},"modified":"2017-07-17T23:56:09","modified_gmt":"2017-07-17T21:56:09","slug":"oferte-de-consultanta-si-puncte-de-informare","status":"publish","type":"page","link":"https:\/\/www.prostituiertenschutzgesetz.info\/ro\/oferte-de-consultanta-si-puncte-de-informare\/","title":{"rendered":"Oferte de consultan\u021b\u0103 \u0219i puncte de informare"},"content":{"rendered":"<div class=\"wpb-content-wrapper\"><p>[vc_row css_animation=&#8221;&#8221; row_type=&#8221;row&#8221; use_row_as_full_screen_section=&#8221;no&#8221; type=&#8221;grid&#8221; angled_section=&#8221;no&#8221; text_align=&#8221;left&#8221; background_image_as_pattern=&#8221;without_pattern&#8221; padding_top=&#8221;75&#8243; padding_bottom=&#8221;0&#8243;][vc_column][vc_row_inner row_type=&#8221;row&#8221; type=&#8221;full_width&#8221; text_align=&#8221;left&#8221; css_animation=&#8221;&#8221; css=&#8221;.vc_custom_1487148002892{padding-bottom: 40px !important;}&#8221;][vc_column_inner][vc_column_text]<\/p>\n<h2>Oferte de consultan\u021b\u0103 \u0219i puncte de informare \u00een Germania<\/h2>\n<p>(Beratungsangebote und Anlaufstellen)[\/vc_column_text][vc_separator type=&#8221;transparent&#8221; up=&#8221;82&#8243; down=&#8221;0&#8243;][vc_column_text]\u00cen unele ora\u0219e germane exist\u0103 puncte speciale de consultan\u021b\u0103 pentru prostituate. Acolo se pot formula de ex. \u00eentreb\u0103ri referitoare la s\u0103n\u0103tate \u0219i preven\u021bie sanitar\u0103, la probleme juridice, la asigur\u0103rile sociale sau la problemele financiare. Se poate ob\u021bine ajutor, fiind \u00een criz\u0103 sau supus\u0103 unor abuzuri. \u0218i persoanele care doresc s\u0103 renun\u021be la prostitu\u021bie, g\u0103sesc acolo sus\u021binere. De<br \/>\nmulte ori consultan\u021ba este disponibil\u0103 \u00een mai multe limbi; este gratuit\u0103, confiden\u021bial\u0103 \u0219i de multe ori poate fi \u0219i anonim\u0103. Angaja\u021bii sunt bine preg\u0103ti\u021bi \u0219i respect\u0103 oamenii care se prezint\u0103 s\u0103 solicite consultan\u021b\u0103. Indica\u021biile privind punctele de consultan\u021b\u0103 \u0219i ofertele de informare din regiune pot da autorit\u0103\u021bile care sunt competente pentru \u00eenregistrare sau pentru consultan\u021ba medical\u0103.<\/p>\n<p>O privire de ansamblu a punctelor de consultan\u021b\u0103, care apar\u021bin de uniunea punctelor de informare pentru lucr\u0103toarele din domeniul sexului (bufas e. V.), g\u0103si\u021bi aici:<br \/>\n<a href=\"http:\/\/www.bufas.net\/mitglieder\" target=\"_blank\" rel=\"noopener noreferrer\">http:\/\/www.bufas.net\/mitglieder<\/a><\/p>\n<p>sau site-ul nostru aici <a href=\"https:\/\/www.prostituiertenschutzgesetz.info\/\">https:\/\/www.prostituiertenschutzgesetz.info\/<\/a><\/p>\n<p>Exist\u0103 \u0219i puncte de consultan\u021b\u0103 pentru prostituate masculine, care apar aici:<br \/>\n<a href=\"http:\/\/www.aksdwordpresscom.wordpress.com\" target=\"_blank\" rel=\"noopener noreferrer\">www.aksdwordpresscom.wordpress.com<\/a>.<\/p>\n<p>Exist\u0103 \u0219i puncte de consultan\u021b\u0103, care sunt specializate pe protec\u021bie \u0219i consultan\u021b\u0103 pentru persoanele afectate de trafic de persoane, exploatare \u0219i prostitu\u021bie for\u021bat\u0103. Informa\u021bii mai \u00een detaliu referitor la asemenea puncte de consultan\u021b\u0103 g\u0103si\u021bi aici:<br \/>\n<a href=\"http:\/\/www.kok-gegen-menschenhandel.de\/hilfsangebote\/\" target=\"_blank\" rel=\"noopener noreferrer\">www.kok-gegen-menschenhandel.de\/hilfsangebote\/<\/a><\/p>\n<p>Sprijin este acordat mai ales prin telefonul de ajutor \u201eAbuzuri contra femeilor\u201c. La num\u0103rul <strong>08000 116 016<\/strong> primi\u021bi gratuit, \u00een toat\u0103 Germania \u0219i \u00een 17 limbi consultan\u021b\u0103 anonim\u0103.<\/p>\n<p>Sfaturi \u0219i ajutor se acord\u0103 special pentru femei gravide \u00een situa\u021bii de urgen\u021b\u0103 la telefonul de ajutor \u201eUrgen\u021be gravide\u201c \u2013 de asemenea non-stop \u00een 17 limbi.<br \/>\nAcesta poate fi apelat la <strong>0800 40 40 020<\/strong>.<\/p>\n<p>Lola (<a href=\"http:\/\/www.lola-nrw.de\" target=\"_blank\" rel=\"noopener noreferrer\">www.lola-nrw.de<\/a>) este o aplica\u021bie \u0219i un site pentru prostituatele, care lucreaz\u0103 \u00een landul Nordrhein-Westfalia. Aici sunt informa\u021bii pe diverse teme, indica\u021bii privind punctele de consultan\u021b\u0103 pentru prostituate din landul Nordrhein-Westfalia precum \u0219i un sistem de navigare c\u0103tre adresele importante.<\/p>\n<p>[\/vc_column_text][vc_empty_space][\/vc_column_inner][\/vc_row_inner][vc_row_inner row_type=&#8221;row&#8221; type=&#8221;full_width&#8221; text_align=&#8221;left&#8221; css_animation=&#8221;&#8221;][vc_column_inner width=&#8221;1\/4&#8243;][vc_column_text]<strong>Hydra e.V. Berlin<\/strong><br \/>\nK\u00f6penicker Str. 187\/188<br \/>\n10997 Berlin<br \/>\nTel 030 6110023<br \/>\nFax 030 6110021<br \/>\n<a href=\"mailto:kontakt@hydra-ev.org\">kontakt@hydra-ev.org<\/a>[\/vc_column_text][\/vc_column_inner][vc_column_inner width=&#8221;1\/4&#8243;][vc_column_text]<strong>Frauentreff Olga Berlin<\/strong><br \/>\nKurf\u00fcrstenstr. 40<br \/>\n10785 Berlin<br \/>\nTel 030 2628959<br \/>\nFax 030 25799156<br \/>\n<a href=\"mailto:olga@notdienstberlin.de\">olga@notdienstberlin.de<\/a>[\/vc_column_text][\/vc_column_inner][vc_column_inner width=&#8221;1\/4&#8243;][vc_column_text]<strong>Subway Berlin<\/strong><br \/>\nNollendorfstr. 31<br \/>\n10777 Berlin<br \/>\nTel 030 2155759<br \/>\nFax 030 21756049<br \/>\n<a href=\"mailto:jungs@subway-berlin.de\">jungs@subway-berlin.de<\/a><\/p>\n<p>[\/vc_column_text][\/vc_column_inner][vc_column_inner width=&#8221;1\/4&#8243;][vc_column_text]<strong>Theodora Herford<\/strong><br \/>\nBielefelder Str. 25<br \/>\n32051 Bielefeld<br \/>\nTel 05221 3427111<br \/>\nFax 05221 3469483<\/p>\n<p>[\/vc_column_text][\/vc_column_inner][\/vc_row_inner][vc_separator type=&#8221;transparent&#8221; up=&#8221;30&#8243; down=&#8221;0&#8243;][vc_row_inner row_type=&#8221;row&#8221; type=&#8221;full_width&#8221; text_align=&#8221;left&#8221; css_animation=&#8221;&#8221;][vc_column_inner width=&#8221;1\/4&#8243;][vc_column_text]<strong>Madonna Bochum<\/strong><br \/>\nAlleestr. 50 (im Hof)<br \/>\n44793 Bochum<br \/>\nTel 0234 685750<br \/>\nFax 0234 685751<br \/>\n<a href=\"mailto:info@madonna-ev.de\">info@madonna-ev.de<\/a>[\/vc_column_text][\/vc_column_inner][vc_column_inner width=&#8221;1\/4&#8243;][vc_column_text]<strong>Nitribitt e.V. Bremen<\/strong><br \/>\nStader Str. 1<br \/>\n28205 Bremen<br \/>\nTel 0421 448662<br \/>\nFax 0421 4986031<br \/>\n<a href=\"mailto:nitribitt_ev@web.de\">nitribitt_ev@web.de<\/a><\/p>\n<p>[\/vc_column_text][\/vc_column_inner][vc_column_inner width=&#8221;1\/4&#8243;][vc_column_text]<strong>Kober Dortmund<\/strong><br \/>\nNordstr. 50<br \/>\n44145 Dortmund<br \/>\nTel 0231 861085 0<br \/>\nFax 0231 861085 27<br \/>\n<a href=\"mailto:kober@skf-dortmund.de\">kober@skf-dortmund.de<\/a>[\/vc_column_text][\/vc_column_inner][vc_column_inner width=&#8221;1\/4&#8243;][vc_column_text]<strong>Mitternachtsmission Dortmund<\/strong><br \/>\nDudenstr. 2-4<br \/>\n44137 Dortmund<br \/>\nTel 0231 144491<br \/>\nFax 0231 145887<br \/>\n<a href=\"mailto:mitternachtsmission@gmx.de\">mitternachtsmission@gmx.de<\/a><\/p>\n<p>[\/vc_column_text][\/vc_column_inner][\/vc_row_inner][vc_separator type=&#8221;transparent&#8221; up=&#8221;30&#8243; down=&#8221;0&#8243;][vc_row_inner row_type=&#8221;row&#8221; type=&#8221;full_width&#8221; text_align=&#8221;left&#8221; css_animation=&#8221;&#8221;][vc_column_inner width=&#8221;1\/4&#8243;][vc_column_text]<strong>Nachtfalke Essen<\/strong><br \/>\nVarnhorststr. 17<br \/>\n45127 Essen<br \/>\nTel 0201 1053722<br \/>\nFax 0201 1053729<br \/>\n<a href=\"mailto:info@nachtfalke-ruhr.de\">info@nachtfalke-ruhr.de<\/a><\/p>\n<p>[\/vc_column_text][\/vc_column_inner][vc_column_inner width=&#8221;1\/4&#8243;][vc_column_text]<strong>Nachtfalter Essen<\/strong><br \/>\nNiederstr. 12-16<br \/>\n45141 Essen<br \/>\nTel 0201 36455 47<br \/>\nFax 0201 36455 46<br \/>\n<a href=\"mailto:nachtfalter@caritas-e.de\">nachtfalter@caritas-e.de<\/a><br \/>\n[\/vc_column_text][\/vc_column_inner][vc_column_inner width=&#8221;1\/4&#8243;][vc_column_text]<strong>Do\u00f1a Carmen e.V.<\/strong><br \/>\nElbestra\u00dfe 41<br \/>\n60329 Frankfurt<br \/>\nTel: 69 \/ 7675 2880<br \/>\nFax: 69\/ 76750882<br \/>\n<a href=\"mailto:donacarmen@t-online.de\">donacarmen@t-online.de<\/a><\/p>\n<p>[\/vc_column_text][\/vc_column_inner][vc_column_inner width=&#8221;1\/4&#8243;][vc_column_text]<strong>Tamara Frankfurt<\/strong><br \/>\nAlfred-Brehm-Platz 17<br \/>\n60316 Frankfurt a.M.<br \/>\nTel 069 94350240<br \/>\nFax 069 94350245<br \/>\n<a href=\"mailto:tamara@zefra.de\">tamara@zefra.de<\/a>[\/vc_column_text][\/vc_column_inner][\/vc_row_inner][vc_separator type=&#8221;transparent&#8221; up=&#8221;30&#8243; down=&#8221;0&#8243;][vc_row_inner row_type=&#8221;row&#8221; type=&#8221;full_width&#8221; text_align=&#8221;left&#8221; css_animation=&#8221;&#8221;][vc_column_inner width=&#8221;1\/4&#8243;][vc_column_text]<strong>P.I.N.K. Freiburg<\/strong><br \/>\nSchwarzwaldstr. 24<br \/>\n79102 Freiburg<br \/>\nTel 0761 2169918<br \/>\nFax 0761 7075262<br \/>\n<a href=\"mailto:pink@diakonie-freiburg.de\">pink@diakonie-freiburg.de<\/a><\/p>\n<p>[\/vc_column_text][\/vc_column_inner][vc_column_inner width=&#8221;1\/2&#8243;][vc_column_text]<strong>Fachberatungsstelle Prostitution Hamburg<\/strong><\/p>\n<table class=\"beratungsstellen\">\n<tbody>\n<tr>\n<td>Sperrgebiet St. Georg:<\/td>\n<td>Sperrgebiet St. Pauli<\/td>\n<\/tr>\n<tr>\n<td>Lindenstr. 13<\/td>\n<td>Seilerstr. 34<\/td>\n<\/tr>\n<tr>\n<td>20099 Hamburg<\/td>\n<td>20359 Hamburg<\/td>\n<\/tr>\n<tr>\n<td>Tel 040 246624<\/td>\n<td>Tel 040 316495<\/td>\n<\/tr>\n<tr>\n<td><a href=\"mailto:stgeorg@sperrgebiet-hamburg.de\">stgeorg@sperrgebiet-hamburg.de<\/a><\/td>\n<td><a href=\"mailto:stpauli@sperrgebiet-hamburg.de\">stpauli@sperrgebiet-hamburg.de<\/a><\/td>\n<\/tr>\n<\/tbody>\n<\/table>\n<p>[\/vc_column_text][\/vc_column_inner][vc_column_inner width=&#8221;1\/4&#8243;][vc_column_text]<strong>BASIS-Projekt Hamburg<\/strong><br \/>\nbasis&amp;woge e.V.<br \/>\nSteindamm 11<br \/>\n20099 Hamburg<br \/>\nTel 040 2801607<br \/>\nFax 040 28051837<br \/>\n<a href=\"mailto:basis-projekt@basisundwoge.de\">basis-projekt@basisundwoge.de<\/a><br \/>\n[\/vc_column_text][\/vc_column_inner][\/vc_row_inner][vc_separator type=&#8221;transparent&#8221; up=&#8221;30&#8243; down=&#8221;0&#8243;][vc_row_inner row_type=&#8221;row&#8221; type=&#8221;full_width&#8221; text_align=&#8221;left&#8221; css_animation=&#8221;&#8221;][vc_column_inner width=&#8221;1\/4&#8243;][vc_column_text]<strong>ragazza Hamburg<\/strong><br \/>\nBrennerstr. 19<br \/>\n20099 Hamburg<br \/>\nTel 040 244631<br \/>\nFax 040 28055033<br \/>\n<a href=\"mailto:ragazza@w4w.net\">ragazza@w4w.net<\/a><\/p>\n<p>[\/vc_column_text][\/vc_column_inner][vc_column_inner width=&#8221;1\/4&#8243;][vc_column_text]<strong>Phoenix Hannover<\/strong><br \/>\nPostfach 4762<br \/>\n30047 Hannover<br \/>\nTel 0511 14646<br \/>\nFax 0511 1612679<br \/>\n<a href=\"mailto:kontakt@phoenix-beratung.de\">kontakt@phoenix-beratung.de<\/a><\/p>\n<p>[\/vc_column_text][\/vc_column_inner][vc_column_inner width=&#8221;1\/4&#8243;][vc_column_text]<strong>Beratungsstelle f\u00fcr Prostituierte<\/strong><br \/>\nLuisenstra\u00dfe 53<br \/>\n76137 Karlsruhe<br \/>\nTel: 0721-915 493 14<br \/>\nE-Mail: <a href=\"mailto:beratungfuerprostituierte@dw-karlsruhe.de\">beratungfuerprostituierte@dw-karlsruhe.de<\/a><br \/>\nWeb: <a href=\"http:\/\/www.dw-karlsruhe.de\/index.php\/angebot_beratungsstelle_prostituierte.html\" target=\"_blank\" rel=\"noopener noreferrer\">www.dw-karlsruhe.de<\/a>[\/vc_column_text][\/vc_column_inner][vc_column_inner width=&#8221;1\/4&#8243;][vc_column_text]<strong><a href=\"http:\/\/www.awo-sachsenanhalt.de\/angebote\/beratung-und-information\/magdalena.html\" target=\"_blank\" rel=\"noopener noreferrer\">Magdalena \/\u00a0Magdeburg<\/a><\/strong><br \/>\nFriesenstra\u00dfe 6<br \/>\n39108 Magdeburg<br \/>\nTel 0391 55991666<br \/>\nFax 0176\/16279072<br \/>\n<a href=\"mailto:magdalena@awo-sachsenanhalt.de\">magdalena@awo-sachsenanhalt.de<\/a>[\/vc_column_text][\/vc_column_inner][\/vc_row_inner][vc_separator type=&#8221;transparent&#8221; up=&#8221;30&#8243; down=&#8221;0&#8243;][vc_row_inner row_type=&#8221;row&#8221; type=&#8221;full_width&#8221; text_align=&#8221;left&#8221; css_animation=&#8221;&#8221;][vc_column_inner width=&#8221;1\/4&#8243;][vc_column_text]<strong>Mimikry \/ M\u00fcnchen<\/strong><br \/>\nDreim\u00fchlenstr. 1<br \/>\n80469 M\u00fcnchen<br \/>\nTel 089 725 90 83<br \/>\nFax 089 74 79 39 43<br \/>\n<a href=\"mailto:mimikry@hilfswerk-muenchen.de\">mimikry@hilfswerk-muenchen.de<\/a>[\/vc_column_text][\/vc_column_inner][vc_column_inner width=&#8221;1\/4&#8243;][vc_column_text]<strong>Marikas \/ M\u00fcnchen<\/strong><br \/>\nDreim\u00fchlenstr. 1<br \/>\n80469 M\u00fcnchen<br \/>\nTel 089 725 90 84<br \/>\nFax 089 74 79 39 43<br \/>\n<a href=\"mailto:marikas@hilfswerk-muenchen.de\">marikas@hilfswerk-muenchen.de<\/a>[\/vc_column_text][\/vc_column_inner][vc_column_inner width=&#8221;1\/4&#8243;][vc_column_text]<strong>Kassandra N\u00fcrnberg<\/strong><br \/>\nBreite Gasse 1<br \/>\n90402 N\u00fcrnberg<br \/>\nTel 0911 442889<br \/>\nFax 0911 440533<br \/>\n<a href=\"mailto:kassandra@kassandra-nbg.de\">kassandra@kassandra-nbg.de<\/a>[\/vc_column_text][\/vc_column_inner][vc_column_inner width=&#8221;1\/4&#8243;][vc_column_text]<strong>SeLa Rostock<\/strong><br \/>\nErnst-Haeckel-Str. 1<br \/>\n18059 Rostock<br \/>\nTel 0381 24379948<br \/>\nMob 0172 7508015<br \/>\n<a href=\"mailto:SeLA@fhf-rostock.de\">SeLA@fhf-rostock.de<\/a><\/p>\n<p>[\/vc_column_text][\/vc_column_inner][\/vc_row_inner][vc_separator type=&#8221;transparent&#8221; up=&#8221;30&#8243; down=&#8221;0&#8243;][vc_row_inner row_type=&#8221;row&#8221; type=&#8221;full_width&#8221; text_align=&#8221;left&#8221; css_animation=&#8221;&#8221;][vc_column_inner width=&#8221;1\/4&#8243;][vc_column_text]<strong>Tamar Soest<\/strong><br \/>\nFeldm\u00fchlenweg 17<br \/>\n59494 Soest<br \/>\nTel 02921 371244<br \/>\nFax 02921 371248<\/p>\n<p>[\/vc_column_text][\/vc_column_inner][vc_column_inner width=&#8221;1\/4&#8243;][vc_column_text]<strong><a href=\"http:\/\/www.verein-jugendliche.de\/projekte\/cafe-strich-punkt\/\" target=\"_blank\" rel=\"noopener noreferrer\">Caf\u00e9 Strich-Punkt in Stuttgart<\/a><\/strong><br \/>\nAnlauf- und Beratungsstelle f\u00fcr junge M\u00e4nner und Trans* Personen<br \/>\nJakobstra\u00dfe 3<br \/>\n70182 Stuttgart<br \/>\nTel: 0711- 67212448[\/vc_column_text][\/vc_column_inner][vc_column_inner width=&#8221;1\/4&#8243;][vc_column_text]<strong>Sexarbeit in Trier<\/strong><br \/>\nBeratung- und Untersuchungsangebot f\u00fcr SexarbeiterInnen<br \/>\nProjekt der AIDS-Hilfe Trier e.V. und des Gesundheitsamtes Trier-Saarburg<br \/>\nE-Mail: <a href=\"mailto:sexarbeit@trier-saarburg.de\">sexarbeit@trier-saarburg.de<\/a><br \/>\nWeb: www.sexarbeit-trier.de[\/vc_column_text][\/vc_column_inner][vc_column_inner width=&#8221;1\/4&#8243;][vc_column_text]<strong>ela \u2013 Beratungsstelle f\u00fcr Frauen in Prostitution<\/strong><br \/>\nFurttenbachstr. 14<br \/>\n89077 Ulm<br \/>\nTelefon: 0731 &#8211; 36 08 04 50<br \/>\nTelefax: 0731 &#8211; 9 31 75 27<br \/>\nE-Mail: <a href=\"mailto:info@ela-ulm.de\">info@ela-ulm.de<\/a><br \/>\nWeb: <a href=\"http:\/\/www.aidshilfe-ulm.de\/?page_id=2869\" target=\"_blank\" rel=\"noopener noreferrer\">www.ela-ulm.de<\/a>[\/vc_column_text][\/vc_column_inner][\/vc_row_inner][vc_separator type=&#8221;transparent&#8221; up=&#8221;25&#8243; down=&#8221;0&#8243;][vc_column_text]Stricherprojekte\/Beratungsstellen f\u00fcr m\u00e4nnliche und trans* Sexarbeiter in Deutschland:<\/p>\n<p><a href=\"http:\/\/www.basis-projekt.de\/\" target=\"_blank\" rel=\"noopener noreferrer\">BASIS-Projekt, Hamburg<\/a><\/p>\n<p><a href=\"http:\/\/www.subway-berlin.de\/?cat=16\" target=\"_blank\" rel=\"noopener noreferrer\">SUB\/WAY Berlin e.V.<\/a><\/p>\n<p><a href=\"http:\/\/www.nachtfalke-ruhr.de\/\" target=\"_blank\" rel=\"noopener noreferrer\">Nachtfalke, Essen<\/a><\/p>\n<p><a href=\"http:\/\/neonlicht-dortmund.de\/\" target=\"_blank\" rel=\"noopener noreferrer\">Neonlicht, Dortmund<\/a><\/p>\n<p><a href=\"http:\/\/www.looks-ev.de\/\" target=\"_blank\" rel=\"noopener noreferrer\">Looks e.V., K\u00f6ln<\/a><\/p>\n<p><a href=\"http:\/\/www.frankfurt-aidshilfe.de\/content\/kiss-0\" target=\"_blank\" rel=\"noopener noreferrer\">Kiss, Frankfurt<\/a><\/p>\n<p><a href=\"http:\/\/www.verein-jugendliche.de\/projekte\/cafe-strich-punkt\/\" target=\"_blank\" rel=\"noopener noreferrer\">Caf\u00e9 Strich-Punkt in Stuttgart<\/a><\/p>\n<p><a href=\"http:\/\/www.marikas.de\/\" target=\"_blank\" rel=\"noopener noreferrer\">Marikas, M\u00fcnchen<\/a><\/p>\n<p><a href=\"http:\/\/www.info4escorts.de\/\" target=\"_blank\" rel=\"noopener noreferrer\">Info4Escorts, Chat-\/Onlineberatung<\/a>[\/vc_column_text][vc_separator type=&#8221;transparent&#8221; up=&#8221;50&#8243; down=&#8221;0&#8243;][\/vc_column][\/vc_row]<\/p>\n<\/div>","protected":false},"excerpt":{"rendered":"<p>[vc_row css_animation=&#8221;&#8221; row_type=&#8221;row&#8221; use_row_as_full_screen_section=&#8221;no&#8221; type=&#8221;grid&#8221; angled_section=&#8221;no&#8221; text_align=&#8221;left&#8221; background_image_as_pattern=&#8221;without_pattern&#8221; padding_top=&#8221;75&#8243; padding_bottom=&#8221;0&#8243;][vc_column][vc_row_inner row_type=&#8221;row&#8221; type=&#8221;full_width&#8221; text_align=&#8221;left&#8221; css_animation=&#8221;&#8221; css=&#8221;.vc_custom_1487148002892{padding-bottom: 40px !important;}&#8221;][vc_column_inner][vc_column_text] Oferte de consultan\u021b\u0103 \u0219i puncte de informare \u00een Germania (Beratungsangebote und Anlaufstellen)[\/vc_column_text][vc_separator type=&#8221;transparent&#8221; up=&#8221;82&#8243; down=&#8221;0&#8243;][vc_column_text]\u00cen unele ora\u0219e germane exist\u0103 puncte speciale de consultan\u021b\u0103 pentru prostituate. Acolo se pot&#8230;<\/p>\n","protected":false},"author":1,"featured_media":0,"parent":0,"menu_order":0,"comment_status":"closed","ping_status":"closed","template":"","meta":{"footnotes":""},"yoast_head":"<!-- This site is optimized with the Yoast SEO plugin v21.9.1 - https:\/\/yoast.com\/wordpress\/plugins\/seo\/ -->\n<title>Oferte de consultan\u021b\u0103 \u0219i puncte de informare - Prostituiertenschutzgesetz<\/title>\n<meta name=\"robots\" content=\"index, follow, max-snippet:-1, max-image-preview:large, max-video-preview:-1\" \/>\n<link rel=\"canonical\" href=\"https:\/\/www.prostituiertenschutzgesetz.info\/beratungsstellen\/\" \/>\n<meta property=\"og:locale\" content=\"ro_RO\" \/>\n<meta property=\"og:type\" content=\"article\" \/>\n<meta property=\"og:title\" content=\"Oferte de consultan\u021b\u0103 \u0219i puncte de informare - Prostituiertenschutzgesetz\" \/>\n<meta property=\"og:description\" content=\"[vc_row css_animation=&#8221;&#8221; row_type=&#8221;row&#8221; use_row_as_full_screen_section=&#8221;no&#8221; type=&#8221;grid&#8221; angled_section=&#8221;no&#8221; text_align=&#8221;left&#8221; background_image_as_pattern=&#8221;without_pattern&#8221; padding_top=&#8221;75&#8243; padding_bottom=&#8221;0&#8243;][vc_column][vc_row_inner row_type=&#8221;row&#8221; type=&#8221;full_width&#8221; text_align=&#8221;left&#8221; css_animation=&#8221;&#8221; css=&#8221;.vc_custom_1487148002892{padding-bottom: 40px !important;}&#8221;][vc_column_inner][vc_column_text] Oferte de consultan\u021b\u0103 \u0219i puncte de informare \u00een Germania (Beratungsangebote und Anlaufstellen)[\/vc_column_text][vc_separator type=&#8221;transparent&#8221; up=&#8221;82&#8243; down=&#8221;0&#8243;][vc_column_text]\u00cen unele ora\u0219e germane exist\u0103 puncte speciale de consultan\u021b\u0103 pentru prostituate. Acolo se pot...\" \/>\n<meta property=\"og:url\" content=\"https:\/\/www.prostituiertenschutzgesetz.info\/beratungsstellen\/\" \/>\n<meta property=\"og:site_name\" content=\"Prostituiertenschutzgesetz\" \/>\n<meta name=\"twitter:card\" content=\"summary_large_image\" \/>\n<meta name=\"twitter:label1\" content=\"Timp estimat pentru citire\" \/>\n\t<meta name=\"twitter:data1\" content=\"7 minute\" \/>\n<script type=\"application\/ld+json\" class=\"yoast-schema-graph\">{\"@context\":\"https:\/\/schema.org\",\"@graph\":[{\"@type\":\"WebPage\",\"@id\":\"https:\/\/www.prostituiertenschutzgesetz.info\/beratungsstellen\/\",\"url\":\"https:\/\/www.prostituiertenschutzgesetz.info\/beratungsstellen\/\",\"name\":\"Oferte de consultan\u021b\u0103 \u0219i puncte de informare - Prostituiertenschutzgesetz\",\"isPartOf\":{\"@id\":\"https:\/\/www.prostituiertenschutzgesetz.info\/#website\"},\"datePublished\":\"2017-07-17T21:56:09+00:00\",\"dateModified\":\"2017-07-17T21:56:09+00:00\",\"breadcrumb\":{\"@id\":\"https:\/\/www.prostituiertenschutzgesetz.info\/beratungsstellen\/#breadcrumb\"},\"inLanguage\":\"ro-RO\",\"potentialAction\":[{\"@type\":\"ReadAction\",\"target\":[\"https:\/\/www.prostituiertenschutzgesetz.info\/beratungsstellen\/\"]}]},{\"@type\":\"BreadcrumbList\",\"@id\":\"https:\/\/www.prostituiertenschutzgesetz.info\/beratungsstellen\/#breadcrumb\",\"itemListElement\":[{\"@type\":\"ListItem\",\"position\":1,\"name\":\"Startseite\",\"item\":\"https:\/\/www.prostituiertenschutzgesetz.info\/ro\/\"},{\"@type\":\"ListItem\",\"position\":2,\"name\":\"Oferte de consultan\u021b\u0103 \u0219i puncte de informare\"}]},{\"@type\":\"WebSite\",\"@id\":\"https:\/\/www.prostituiertenschutzgesetz.info\/#website\",\"url\":\"https:\/\/www.prostituiertenschutzgesetz.info\/\",\"name\":\"Prostituiertenschutzgesetz\",\"description\":\"Informationen zum ProstSchG\",\"potentialAction\":[{\"@type\":\"SearchAction\",\"target\":{\"@type\":\"EntryPoint\",\"urlTemplate\":\"https:\/\/www.prostituiertenschutzgesetz.info\/?s={search_term_string}\"},\"query-input\":\"required name=search_term_string\"}],\"inLanguage\":\"ro-RO\"}]}<\/script>\n<!-- \/ Yoast SEO plugin. -->","yoast_head_json":{"title":"Oferte de consultan\u021b\u0103 \u0219i puncte de informare - Prostituiertenschutzgesetz","robots":{"index":"index","follow":"follow","max-snippet":"max-snippet:-1","max-image-preview":"max-image-preview:large","max-video-preview":"max-video-preview:-1"},"canonical":"https:\/\/www.prostituiertenschutzgesetz.info\/beratungsstellen\/","og_locale":"ro_RO","og_type":"article","og_title":"Oferte de consultan\u021b\u0103 \u0219i puncte de informare - Prostituiertenschutzgesetz","og_description":"[vc_row css_animation=&#8221;&#8221; row_type=&#8221;row&#8221; use_row_as_full_screen_section=&#8221;no&#8221; type=&#8221;grid&#8221; angled_section=&#8221;no&#8221; text_align=&#8221;left&#8221; background_image_as_pattern=&#8221;without_pattern&#8221; padding_top=&#8221;75&#8243; padding_bottom=&#8221;0&#8243;][vc_column][vc_row_inner row_type=&#8221;row&#8221; type=&#8221;full_width&#8221; text_align=&#8221;left&#8221; css_animation=&#8221;&#8221; css=&#8221;.vc_custom_1487148002892{padding-bottom: 40px !important;}&#8221;][vc_column_inner][vc_column_text] Oferte de consultan\u021b\u0103 \u0219i puncte de informare \u00een Germania (Beratungsangebote und Anlaufstellen)[\/vc_column_text][vc_separator type=&#8221;transparent&#8221; up=&#8221;82&#8243; down=&#8221;0&#8243;][vc_column_text]\u00cen unele ora\u0219e germane exist\u0103 puncte speciale de consultan\u021b\u0103 pentru prostituate. Acolo se pot...","og_url":"https:\/\/www.prostituiertenschutzgesetz.info\/beratungsstellen\/","og_site_name":"Prostituiertenschutzgesetz","twitter_card":"summary_large_image","twitter_misc":{"Timp estimat pentru citire":"7 minute"},"schema":{"@context":"https:\/\/schema.org","@graph":[{"@type":"WebPage","@id":"https:\/\/www.prostituiertenschutzgesetz.info\/beratungsstellen\/","url":"https:\/\/www.prostituiertenschutzgesetz.info\/beratungsstellen\/","name":"Oferte de consultan\u021b\u0103 \u0219i puncte de informare - Prostituiertenschutzgesetz","isPartOf":{"@id":"https:\/\/www.prostituiertenschutzgesetz.info\/#website"},"datePublished":"2017-07-17T21:56:09+00:00","dateModified":"2017-07-17T21:56:09+00:00","breadcrumb":{"@id":"https:\/\/www.prostituiertenschutzgesetz.info\/beratungsstellen\/#breadcrumb"},"inLanguage":"ro-RO","potentialAction":[{"@type":"ReadAction","target":["https:\/\/www.prostituiertenschutzgesetz.info\/beratungsstellen\/"]}]},{"@type":"BreadcrumbList","@id":"https:\/\/www.prostituiertenschutzgesetz.info\/beratungsstellen\/#breadcrumb","itemListElement":[{"@type":"ListItem","position":1,"name":"Startseite","item":"https:\/\/www.prostituiertenschutzgesetz.info\/ro\/"},{"@type":"ListItem","position":2,"name":"Oferte de consultan\u021b\u0103 \u0219i puncte de informare"}]},{"@type":"WebSite","@id":"https:\/\/www.prostituiertenschutzgesetz.info\/#website","url":"https:\/\/www.prostituiertenschutzgesetz.info\/","name":"Prostituiertenschutzgesetz","description":"Informationen zum ProstSchG","potentialAction":[{"@type":"SearchAction","target":{"@type":"EntryPoint","urlTemplate":"https:\/\/www.prostituiertenschutzgesetz.info\/?s={search_term_string}"},"query-input":"required name=search_term_string"}],"inLanguage":"ro-RO"}]}},"_links":{"self":[{"href":"https:\/\/www.prostituiertenschutzgesetz.info\/ro\/wp-json\/wp\/v2\/pages\/16266"}],"collection":[{"href":"https:\/\/www.prostituiertenschutzgesetz.info\/ro\/wp-json\/wp\/v2\/pages"}],"about":[{"href":"https:\/\/www.prostituiertenschutzgesetz.info\/ro\/wp-json\/wp\/v2\/types\/page"}],"author":[{"embeddable":true,"href":"https:\/\/www.prostituiertenschutzgesetz.info\/ro\/wp-json\/wp\/v2\/users\/1"}],"replies":[{"embeddable":true,"href":"https:\/\/www.prostituiertenschutzgesetz.info\/ro\/wp-json\/wp\/v2\/comments?post=16266"}],"version-history":[{"count":0,"href":"https:\/\/www.prostituiertenschutzgesetz.info\/ro\/wp-json\/wp\/v2\/pages\/16266\/revisions"}],"wp:attachment":[{"href":"https:\/\/www.prostituiertenschutzgesetz.info\/ro\/wp-json\/wp\/v2\/media?parent=16266"}],"curies":[{"name":"wp","href":"https:\/\/api.w.org\/{rel}","templated":true}]}}